{"id":3909,"date":"2018-07-30T09:28:57","date_gmt":"2018-07-30T09:28:57","guid":{"rendered":"https:\/\/testing.monopol-colors.ch\/datenschutzerklaerung\/"},"modified":"2023-09-08T10:37:01","modified_gmt":"2023-09-08T08:37:01","slug":"legales","status":"publish","type":"page","link":"https:\/\/testing.monopol-colors.ch\/fr\/legales\/","title":{"rendered":"L\u00e9gales \/ Politique de confidentialit\u00e9"},"content":{"rendered":"<div class=\"wpb-content-wrapper\"><p>[vc_row el_class=\u00a0\u00bbwhite narrow\u00a0\u00bb][vc_column][vc_column_text]<\/p>\n<h1>D\u00e9claration de confidentialit\u00e9<\/h1>\n<p>[\/vc_column_text]<div class=\"wpb_pdf_column wpb_content_element small white\"><div class=\"wpb_wrapper\"><a href=\"https:\/\/testing.monopol-colors.ch\/wp-content\/uploads\/Protection-Candidats.pdf\" target=\"_blank\">Protection des donn\u00e9es pour les candidats<\/a><a href=\"https:\/\/testing.monopol-colors.ch\/wp-content\/uploads\/Protection-Clients.pdf\" target=\"_blank\">Protection des donn\u00e9es pour les clients<\/a><a href=\"https:\/\/testing.monopol-colors.ch\/wp-content\/uploads\/Protection-Fournisseurs.pdf\" target=\"_blank\">Protection des donn\u00e9es pour les fournisseurs<\/a><\/div><\/div>[vc_column_text]Le site web de <a href=\"https:\/\/testing.monopol-colors.ch\/fr\/impressum\/\">Monopol AG<\/a> (ci-apr\u00e8s le \u00absite web\u00bb) est soumis \u00e0 la l\u00e9gislation suisse de la protection des donn\u00e9es, en particulier \u00e0 la loi f\u00e9d\u00e9rale du 19 juin 1992 sur <a href=\"https:\/\/www.admin.ch\/opc\/fr\/classified-compilation\/19920153\/index.html\" target=\"_blank\" rel=\"noopener noreferrer\">la protection des donn\u00e9es<\/a> (LPD), et \u00e0 toute loi \u00e9trang\u00e8re applicable en mati\u00e8re de protection des donn\u00e9es, telle que le r\u00e8glement europ\u00e9en sur la protection des donn\u00e9es (RGPD) de l\u2019Union europ\u00e9enne (UE). L\u2019UE reconna\u00eet que la loi suisse sur la protection des donn\u00e9es assure une protection ad\u00e9quate.<\/p>\n<p>Nous nous r\u00e9servons le droit de modifier notre d\u00e9claration de confidentialit\u00e9 en tout temps par simple publication sur ce site web.<\/p>\n<p>Comme toute utilisation d\u2019Internet, l\u2019acc\u00e8s \u00e0 ce site web est soumis \u00e0 une surveillance de masse g\u00e9n\u00e9rale, sans motif, sans discrimination et en l\u2019absence de tout soup\u00e7on par les autorit\u00e9s de s\u00e9curit\u00e9 en Suisse, dans l\u2019UE, aux \u00c9tats-Unis et dans d\u2019autres pays.<\/p>\n<h3>Donn\u00e9es d\u2019acc\u00e8s\/fichiers journaux du serveur<\/h3>\n<p>L\u2019h\u00e9bergeur web collecte les donn\u00e9es relatives \u00e0 l\u2019acc\u00e8s au pr\u00e9sent site web et les enregistre sous forme de fichiers journaux du serveur (server log file). Cela concerne les donn\u00e9es suivantes:<\/p>\n<ul>\n<li>Site web consult\u00e9<\/li>\n<li>Heure de l\u2019acc\u00e8s<\/li>\n<li>Quantit\u00e9 de donn\u00e9es envoy\u00e9es en octets<\/li>\n<li>Source\/r\u00e9f\u00e9rence \u00e0 partir de laquelle vous avez acc\u00e9d\u00e9 au site web<\/li>\n<li>Navigateur utilis\u00e9<\/li>\n<li>Syst\u00e8me d\u2019exploitation utilis\u00e9<\/li>\n<li>Adresse IP utilis\u00e9e<\/li>\n<\/ul>\n<p>Les donn\u00e9es collect\u00e9es ne sont utilis\u00e9es qu\u2019\u00e0 des fins statistiques et en vue d\u2019am\u00e9liorer le serveur web. Cependant, l\u2019h\u00e9bergeur se r\u00e9serve le droit de v\u00e9rifier ult\u00e9rieurement les fichiers journaux du serveur en cas de soup\u00e7on concret d\u2019utilisation ill\u00e9gale.<\/p>\n<h3>Traitement des donn\u00e9es personnelles<\/h3>\n<p>En principe, vous pouvez consulter ce site web sans fournir d\u2019informations personnelles. Nous n\u2019enregistrons que des donn\u00e9es ne faisant pas r\u00e9f\u00e9rence \u00e0 votre personne, notamment le nom de votre fournisseur d\u2019acc\u00e8s Internet, \u00e9ventuellement les pages que vous avez consult\u00e9es auparavant ou les champs sur lesquels vous cliquez sur ce site web. Nous analysons ces donn\u00e9es afin d\u2019am\u00e9liorer notre offre. Elles ne permettent aucune conclusion sur votre personne.<\/p>\n<h3>Contact<\/h3>\n<p>Nous recueillons des donn\u00e9es personnelles lorsque vous nous les fournissez volontairement, par exemple lorsque vous prenez contact avec nous. Bien entendu, ces donn\u00e9es personnelles ne seront utilis\u00e9es que dans le but pour lequel vous nous les avez transmises lors de votre prise de contact.<\/p>\n<p>La communication de ces donn\u00e9es est express\u00e9ment volontaire et se fait avec votre consentement. En ce qui concerne les informations relatives aux canaux de communication (adresse e-mail, num\u00e9ro de t\u00e9l\u00e9phone, etc.), vous acceptez aussi que nous prenions contact avec vous par ce moyen afin de r\u00e9pondre \u00e0 votre demande.<\/p>\n<p>Il va de soi que vous pouvez r\u00e9voquer vos d\u00e9clarations de consentement \u00e0 tout moment. \u00c0 cet effet, veuillez prendre contact avec nous par e-mail.<\/p>\n<h3>Utilisation de Google Analytics avec fonction d\u2019anonymisation<\/h3>\n<p>Ce site web utilise \u00abGoogle Analytics\u00bb, un service d\u2019analyse web fourni par la soci\u00e9t\u00e9 Google Inc., 1600 Amphitheatre Parkway, Mountain View, CA 94043, \u00c9tats-Unis (ci-apr\u00e8s \u00abGoogle\u00bb). Google Analytics utilise des cookies. Il s\u2019agit de fichiers texte qui sont stock\u00e9s sur votre ordinateur et qui permettent une analyse de votre utilisation du site web. Les informations g\u00e9n\u00e9r\u00e9es par le cookie concernant votre utilisation du site web sont g\u00e9n\u00e9ralement transf\u00e9r\u00e9es \u00e0 un serveur de Google aux \u00c9tats-Unis et y sont stock\u00e9es. Toutefois, si l\u2019anonymisation de l\u2019IP est activ\u00e9e sur le site web, Google r\u00e9duira au pr\u00e9alable votre adresse IP dans les \u00c9tats membres de l\u2019Union europ\u00e9enne (UE) ou dans d\u2019autres \u00c9tats parties \u00e0 l\u2019accord sur l\u2019Espace \u00e9conomique europ\u00e9en (EEE). Ce n\u2019est que dans des cas exceptionnels que l\u2019adresse IP compl\u00e8te sera transmise \u00e0 un serveur Google aux \u00c9tats-Unis o\u00f9 elle sera raccourcie. En notre nom, Google utilisera ces informations pour analyser votre utilisation du site web, pour compiler des rapports sur l\u2019activit\u00e9 du site web et pour fournir \u00e0 l\u2019exploitant du site web d\u2019autres services li\u00e9s \u00e0 l\u2019utilisation du site web et d\u2019Internet. L\u2019adresse IP transmise par votre navigateur dans le cadre de Google Analytics n\u2019est pas associ\u00e9e avec d\u2019autres donn\u00e9es de Google. Vous pouvez emp\u00eacher l\u2019enregistrement de cookies en param\u00e9trant votre navigateur en cons\u00e9quence. Nous attirons toutefois votre attention sur le fait que, dans ce cas, il se peut que vous ne puissiez pas utiliser les fonctions de ce site web dans toute leur \u00e9tendue. Vous pouvez \u00e9galement emp\u00eacher la collecte par Google des donn\u00e9es g\u00e9n\u00e9r\u00e9es par le cookie et relatives \u00e0 votre utilisation de ce site web (y compris votre adresse IP) et leur traitement par Google en t\u00e9l\u00e9chargeant et en installant le plug-in de navigateur disponible sous le lien suivant (<a title=\"http:\/\/tools.google.com\/dlpage\/gaoptout?hl=fr\" href=\"http:\/\/tools.google.com\/dlpage\/gaoptout?hl=fr\" target=\"_blank\" rel=\"noopener noreferrer\">http:\/\/tools.google.com\/dlpage\/gaoptout?hl=fr<\/a>).<\/p>\n<p>Vous trouverez de plus amples informations sur les conditions d\u2019utilisation et la protection des donn\u00e9es sous\u00a0<a title=\"http:\/\/www.google.com\/analytics\/terms\/fr.html\" href=\"http:\/\/www.google.com\/analytics\/terms\/fr.html\" target=\"_blank\" rel=\"noopener noreferrer\">http:\/\/www.google.com\/analytics\/terms\/fr.html<\/a>\u00a0et sous\u00a0<a title=\"https:\/\/policies.google.com\/?hl=fr\" href=\"https:\/\/policies.google.com\/?hl=fr\" target=\"_blank\" rel=\"noopener noreferrer\">https:\/\/policies.google.com\/?hl=fr<\/a>. Veuillez noter que le code \u00abanonymizeIp\u00bb a \u00e9t\u00e9 ajout\u00e9 \u00e0 Google Analytics sur ce site web pour assurer la collecte anonyme d\u2019adresses IP (masquage IP).<\/p>\n<p>Comme alternative \u00e0 l\u2019extension de navigateur ou pour les navigateurs utilis\u00e9s sur des appareils mobiles, vous pouvez d\u00e9sactiver le suivi web en utilisant le lien suivant: <a href=\"https:\/\/testing.monopol-colors.ch\/fr\/paramtres-de-suivi-internet\/\" rel=\"noopener noreferrer\">\u00abParam\u00e8tres de suivi web\u00bb.<\/a><\/p>\n<h3>Utilisation de Google Maps<\/h3>\n<p>Le pr\u00e9sent site web utilise le composant \u00abGoogle Maps\u00bb de Google. \u00c0 chaque fois que vous utilisez ce composant, Google place un cookie pour traiter les param\u00e8tres et donn\u00e9es utilisateur \u00e0 l\u2019affichage de la page \u00e0 laquelle le composant Google Maps est int\u00e9gr\u00e9. En r\u00e8gle g\u00e9n\u00e9rale, ce cookie n\u2019est pas supprim\u00e9 lorsque vous fermez votre navigateur, mais expire au bout d\u2019un certain temps, \u00e0 moins que vous ne l\u2019effaciez manuellement au pr\u00e9alable.<\/p>\n<p>Si vous n\u2019acceptez pas ce traitement de vos donn\u00e9es, vous avez la possibilit\u00e9 de d\u00e9sactiver le service Google Maps, emp\u00eachant ainsi la transmission de donn\u00e9es \u00e0 Google. \u00c0 cet effet, vous devez d\u00e9sactiver la fonction Javascript dans votre navigateur, mais cela peut avoir pour cons\u00e9quence que les fonctions du pr\u00e9sent site ne fonctionnent plus toutes correctement. L\u2019utilisation de Google Maps et des informations obtenues via Google Maps est soumise aux conditions d\u2019utilisation de Google Maps <a href=\"http:\/\/www.google.ch\/intl\/fr\/policies\/terms\/regional.html\" target=\"_blank\" rel=\"noopener noreferrer\">http:\/\/www.google.ch\/intl\/fr\/policies\/terms\/regional.html<\/a> ainsi qu\u2019aux conditions d\u2019utilisation suppl\u00e9mentaires de Google Maps <a href=\"https:\/\/www.google.com\/intl\/fr_fr\/help\/terms_maps.html\" target=\"_blank\" rel=\"noopener noreferrer\">https:\/\/www.google.com\/intl\/fr_fr\/help\/terms_maps.html<\/a>.<\/p>\n<h3>Utilisation de plug-ins de r\u00e9seaux sociaux<\/h3>\n<p>Le pr\u00e9sent site web utilise en partie des plugins sociaux de r\u00e9seaux sociaux tels que LinkedIn, Xing, Facebook, Google+, Instagram et Twitter. Les contenus de ces plugins sont directement transmis depuis les sites des r\u00e9seaux sociaux correspondants. Si vous \u00eates connect\u00e9 sur un r\u00e9seau social au moment o\u00f9 vous consultez le pr\u00e9sent site web, le r\u00e9seau social peut enregistrer votre visite sur ce site.<\/p>\n<p>Notre conseil: d\u00e9connectez-vous toujours des r\u00e9seaux sociaux si vous ne souhaitez pas que votre comportement de navigation soit enregistr\u00e9 par les r\u00e9seaux sociaux tels que Facebook, etc<\/p>\n<h3>Utilisation de composants YouTube avec mode de protection des donn\u00e9es avanc\u00e9<\/h3>\n<p>Sur ce site, nous utilisons des composants (vid\u00e9os) de YouTube, LLC 901 Cherry Ave., 94066 San Bruno, CA, \u00c9tats-Unis, une soci\u00e9t\u00e9 de Google.<\/p>\n<p>\u00c0 cet effet, ce site utilise l\u2019option \u00abmode de protection des donn\u00e9es avanc\u00e9\u00bb fournie par YouTube.<\/p>\n<p>Lorsque vous consultez une page comportant une vid\u00e9o int\u00e9gr\u00e9e, la page se connecte aux serveurs YouTube et affiche le contenu de la vid\u00e9o sur le site web en le transf\u00e9rant \u00e0 votre navigateur.<\/p>\n<p>Selon les indications de YouTube, le \u00abmode de protection des donn\u00e9es avanc\u00e9\u00bb limite la transmission des donn\u00e9es au serveur YouTube aux pages de notre site web que vous avez consult\u00e9es lorsque vous regardez la vid\u00e9o. Si vous \u00eates connect\u00e9 \u00e0 YouTube \u00e0 ce moment-l\u00e0, ces informations seront associ\u00e9es \u00e0 votre compte YouTube. Pour \u00e9viter ceci, il vous suffit de vous d\u00e9connecter de votre compte avant de consulter notre site web.<\/p>\n<p>Pour de plus amples informations sur la confidentialit\u00e9 de YouTube, veuillez consulter le site Google\u00a0<a title=\"https:\/\/policies.google.com\/privacy?hl=fr&amp;gl=fr\" href=\"https:\/\/policies.google.com\/privacy?hl=fr&amp;gl=fr\" target=\"_blank\" rel=\"noopener noreferrer\">https:\/\/policies.google.com\/privacy?hl=fr&amp;gl=fr<\/a><\/p>\n<h3>Utilisation de composants Vimeo<\/h3>\n<p>Sur ce site web, nous utilisons des composants du fournisseur \u00abVimeo\u00bb. Il s\u2019agit d\u2019un service de la soci\u00e9t\u00e9 Vimeo LCC, 555 West 18th Street, New York, New York 10011, \u00c9tats-Unis. Chaque fois que vous acc\u00e9dez au pr\u00e9sent site web, \u00e9quip\u00e9 d\u2019un tel composant, ce dernier demande \u00e0 votre navigateur de t\u00e9l\u00e9charger une repr\u00e9sentation correspondante du composant Vimeo. Lorsque vous consultez le pr\u00e9sent site web alors que vous \u00eates connect\u00e9 \u00e0 Vimeo, les informations collect\u00e9es par le composant permettront \u00e0 Vimeo d\u2019identifier la page sp\u00e9cifique que vous consultez et d\u2019associer ces informations \u00e0 votre compte personnel Vimeo. Par exemple, si vous cliquez sur le bouton \u00abJouer\u00bb ou laissez un commentaire, ces informations seront transf\u00e9r\u00e9es sur votre compte utilisateur personnel Vimeo et y seront stock\u00e9es. De plus, le fait que vous avez consult\u00e9 notre site sera transmis \u00e0 Vimeo, et cela ind\u00e9pendamment du fait que vous cliquiez sur un composant ou que vous laissiez des commentaires ou non.<\/p>\n<p>Si vous souhaitez emp\u00eacher Vimeo de transmettre et de stocker des informations sur vous et votre comportement sur ce site web, veuillez vous d\u00e9connecter de Vimeo avant de consulter notre site web. La politique de confidentialit\u00e9 de Vimeo fournit de plus amples informations, notamment en ce qui concerne la collecte et l\u2019utilisation des donn\u00e9es par Vimeo:\u00a0<a title=\"https:\/\/vimeo.com\/privacy\" href=\"https:\/\/vimeo.com\/privacy\">https:\/\/vimeo.com\/privacy<\/a><\/p>\n<h3>Abonnement \u00e0 la newsletter<\/h3>\n<p>Si vous vous abonnez \u00e0 notre newsletter \u00e9lectronique, nous vous enverrons r\u00e9guli\u00e8rement des informations sur nos offres. La seule information obligatoirement requise pour l\u2019envoi de la newsletter est votre adresse e-mail. L\u2019indication d\u2019autres donn\u00e9es est facultative et celles-ci seront exclusivement utilis\u00e9es pour s\u2019adresser \u00e0 vous personnellement.<\/p>\n<p>Si vous vous abonnez \u00e0 notre newsletter \u00e9lectronique, vous nous autorisez \u00e0 utiliser vos donn\u00e9es personnelles conform\u00e9ment \u00e0 l\u2019art. 6, al. 1, lit. a, RGPD. Lors de votre inscription \u00e0 la newsletter, nous enregistrons votre adresse IP indiqu\u00e9e par le fournisseur d\u2019acc\u00e8s Internet (FAI), ainsi que la date et l\u2019heure de votre inscription afin de pouvoir retracer ult\u00e9rieurement toute utilisation abusive \u00e9ventuelle de votre adresse e-mail. Les donn\u00e9es que nous collectons lors de l\u2019inscription \u00e0 la newsletter seront utilis\u00e9es exclusivement \u00e0 des fins publicitaires sous la forme de l\u2019envoi de la newsletter. Vous pouvez vous d\u00e9sabonner de la newsletter \u00e0 tout moment via le lien fourni dans la newsletter ou en envoyant un e-mail \u00e0 la personne responsable indiqu\u00e9e. Apr\u00e8s votre annulation, votre adresse e-mail sera imm\u00e9diatement supprim\u00e9e de notre liste de diffusion, \u00e0 moins que vous n\u2019ayez express\u00e9ment consenti \u00e0 une utilisation ult\u00e9rieure de vos donn\u00e9es ou que nous nous r\u00e9servions le droit d\u2019utiliser les donn\u00e9es d\u2019une autre mani\u00e8re licite qui vous a \u00e9t\u00e9 communiqu\u00e9e dans la pr\u00e9sente d\u00e9claration.<\/p>\n<h3>Cookies<\/h3>\n<p>Les cookies sont de petits fichiers texte qui sont stock\u00e9s de fa\u00e7on permanente ou temporaire sur votre ordinateur lorsque vous visitez ce site web. Les cookies ont notamment pour but d\u2019analyser l\u2019utilisation de ce site web \u00e0 des fins statistiques et d\u2019am\u00e9liorer le serveur web.<\/p>\n<p>Si vous souhaitez limiter ou bloquer les cookies stock\u00e9s sur votre appareil, vous pouvez le faire via les param\u00e8tres de votre navigateur. \u00c0 cet effet, veuillez consulter la fonction d\u2019aide de votre navigateur. Vous trouverez \u00e9galement de plus amples informations sur la fa\u00e7on de d\u00e9sactiver les cookies sur de nombreux navigateurs sur computerhope.com. Si les cookies sont d\u00e9sactiv\u00e9s, il se peut que vous n\u2019ayez pas acc\u00e8s \u00e0 toutes les fonctions de ce site web.<\/p>\n<h3>Droits de l\u2019utilisateur: information, correction et suppression<\/h3>\n<p>En qualit\u00e9 d\u2019utilisateur, vous recevez gratuitement et sur simple demande des informations sur vos donn\u00e9es personnelles stock\u00e9es chez nous. Sauf si votre demande entre en conflit avec une obligation l\u00e9gale de conserver les donn\u00e9es, vous avez le droit de faire corriger les donn\u00e9es incorrectes et de faire bloquer ou supprimer vos donn\u00e9es personnelles.<\/p>\n<p>\u00a9 Monopol AG[\/vc_column_text][\/vc_column][\/vc_row]<\/p>\n<\/div>","protected":false},"excerpt":{"rendered":"<p>[vc_row el_class=\u00a0\u00bbwhite narrow\u00a0\u00bb][vc_column][vc_column_text] D\u00e9claration de confidentialit\u00e9 [\/vc_column_text][vc_column_text]Le site web de Monopol AG (ci-apr\u00e8s le \u00absite web\u00bb) est soumis \u00e0 la l\u00e9gislation suisse de la protection des donn\u00e9es, en particulier \u00e0 la loi f\u00e9d\u00e9rale du 19 juin 1992 sur la protection des donn\u00e9es (LPD), et \u00e0 toute loi \u00e9trang\u00e8re applicable en mati\u00e8re de protection des donn\u00e9es, [&hellip;]<\/p>\n","protected":false},"author":17,"featured_media":0,"parent":0,"menu_order":87,"comment_status":"closed","ping_status":"closed","template":"page-impressum-datenschutz.php","meta":{"_acf_changed":false,"footnotes":""},"class_list":["post-3909","page","type-page","status-publish","hentry"],"acf":[],"yoast_head":"<!-- This site is optimized with the Yoast SEO plugin v25.6 - https:\/\/yoast.com\/wordpress\/plugins\/seo\/ -->\n<title>L\u00e9gales \/ Politique de confidentialit\u00e9 | Monopol Colors<\/title>\n<meta name=\"description\" content=\"Die Website der Monopol AG (nachfolgend \u00abWebsite\u00bb) unterliegt schweizerischem Datenschutzrecht.\" \/>\n<meta name=\"robots\" content=\"noindex, nofollow\" \/>\n<meta property=\"og:locale\" content=\"fr_FR\" \/>\n<meta property=\"og:type\" content=\"article\" \/>\n<meta property=\"og:title\" content=\"L\u00e9gales \/ Politique de confidentialit\u00e9 | Monopol Colors\" \/>\n<meta property=\"og:description\" content=\"Die Website der Monopol AG (nachfolgend \u00abWebsite\u00bb) unterliegt schweizerischem Datenschutzrecht.\" \/>\n<meta property=\"og:url\" content=\"https:\/\/testing.monopol-colors.ch\/fr\/legales\/\" \/>\n<meta property=\"og:site_name\" content=\"Monopol Colors\" \/>\n<meta property=\"article:modified_time\" content=\"2023-09-08T08:37:01+00:00\" \/>\n<meta name=\"twitter:card\" content=\"summary_large_image\" \/>\n<meta name=\"twitter:label1\" content=\"Dur\u00e9e de lecture estim\u00e9e\" \/>\n\t<meta name=\"twitter:data1\" content=\"11 minutes\" \/>\n<script type=\"application\/ld+json\" class=\"yoast-schema-graph\">{\"@context\":\"https:\/\/schema.org\",\"@graph\":[{\"@type\":\"WebPage\",\"@id\":\"https:\/\/testing.monopol-colors.ch\/fr\/legales\/\",\"url\":\"https:\/\/testing.monopol-colors.ch\/fr\/legales\/\",\"name\":\"L\u00e9gales \/ Politique de confidentialit\u00e9 | Monopol Colors\",\"isPartOf\":{\"@id\":\"https:\/\/testing.monopol-colors.ch\/de\/#website\"},\"datePublished\":\"2018-07-30T09:28:57+00:00\",\"dateModified\":\"2023-09-08T08:37:01+00:00\",\"description\":\"Die Website der Monopol AG (nachfolgend \u00abWebsite\u00bb) unterliegt schweizerischem Datenschutzrecht.\",\"breadcrumb\":{\"@id\":\"https:\/\/testing.monopol-colors.ch\/fr\/legales\/#breadcrumb\"},\"inLanguage\":\"fr-FR\",\"potentialAction\":[{\"@type\":\"ReadAction\",\"target\":[\"https:\/\/testing.monopol-colors.ch\/fr\/legales\/\"]}]},{\"@type\":\"BreadcrumbList\",\"@id\":\"https:\/\/testing.monopol-colors.ch\/fr\/legales\/#breadcrumb\",\"itemListElement\":[{\"@type\":\"ListItem\",\"position\":1,\"name\":\"Home\",\"item\":\"https:\/\/testing.monopol-colors.ch\/fr\/\"},{\"@type\":\"ListItem\",\"position\":2,\"name\":\"L\u00e9gales \/ Politique de confidentialit\u00e9\"}]},{\"@type\":\"WebSite\",\"@id\":\"https:\/\/testing.monopol-colors.ch\/de\/#website\",\"url\":\"https:\/\/testing.monopol-colors.ch\/de\/\",\"name\":\"Monopol Colors\",\"description\":\"\",\"potentialAction\":[{\"@type\":\"SearchAction\",\"target\":{\"@type\":\"EntryPoint\",\"urlTemplate\":\"https:\/\/testing.monopol-colors.ch\/de\/?s={search_term_string}\"},\"query-input\":{\"@type\":\"PropertyValueSpecification\",\"valueRequired\":true,\"valueName\":\"search_term_string\"}}],\"inLanguage\":\"fr-FR\"}]}<\/script>\n<!-- \/ Yoast SEO plugin. -->","yoast_head_json":{"title":"L\u00e9gales \/ Politique de confidentialit\u00e9 | Monopol Colors","description":"Die Website der Monopol AG (nachfolgend \u00abWebsite\u00bb) unterliegt schweizerischem Datenschutzrecht.","robots":{"index":"noindex","follow":"nofollow"},"og_locale":"fr_FR","og_type":"article","og_title":"L\u00e9gales \/ Politique de confidentialit\u00e9 | Monopol Colors","og_description":"Die Website der Monopol AG (nachfolgend \u00abWebsite\u00bb) unterliegt schweizerischem Datenschutzrecht.","og_url":"https:\/\/testing.monopol-colors.ch\/fr\/legales\/","og_site_name":"Monopol Colors","article_modified_time":"2023-09-08T08:37:01+00:00","twitter_card":"summary_large_image","twitter_misc":{"Dur\u00e9e de lecture estim\u00e9e":"11 minutes"},"schema":{"@context":"https:\/\/schema.org","@graph":[{"@type":"WebPage","@id":"https:\/\/testing.monopol-colors.ch\/fr\/legales\/","url":"https:\/\/testing.monopol-colors.ch\/fr\/legales\/","name":"L\u00e9gales \/ Politique de confidentialit\u00e9 | Monopol Colors","isPartOf":{"@id":"https:\/\/testing.monopol-colors.ch\/de\/#website"},"datePublished":"2018-07-30T09:28:57+00:00","dateModified":"2023-09-08T08:37:01+00:00","description":"Die Website der Monopol AG (nachfolgend \u00abWebsite\u00bb) unterliegt schweizerischem Datenschutzrecht.","breadcrumb":{"@id":"https:\/\/testing.monopol-colors.ch\/fr\/legales\/#breadcrumb"},"inLanguage":"fr-FR","potentialAction":[{"@type":"ReadAction","target":["https:\/\/testing.monopol-colors.ch\/fr\/legales\/"]}]},{"@type":"BreadcrumbList","@id":"https:\/\/testing.monopol-colors.ch\/fr\/legales\/#breadcrumb","itemListElement":[{"@type":"ListItem","position":1,"name":"Home","item":"https:\/\/testing.monopol-colors.ch\/fr\/"},{"@type":"ListItem","position":2,"name":"L\u00e9gales \/ Politique de confidentialit\u00e9"}]},{"@type":"WebSite","@id":"https:\/\/testing.monopol-colors.ch\/de\/#website","url":"https:\/\/testing.monopol-colors.ch\/de\/","name":"Monopol Colors","description":"","potentialAction":[{"@type":"SearchAction","target":{"@type":"EntryPoint","urlTemplate":"https:\/\/testing.monopol-colors.ch\/de\/?s={search_term_string}"},"query-input":{"@type":"PropertyValueSpecification","valueRequired":true,"valueName":"search_term_string"}}],"inLanguage":"fr-FR"}]}},"_links":{"self":[{"href":"https:\/\/testing.monopol-colors.ch\/fr\/wp-json\/wp\/v2\/pages\/3909","targetHints":{"allow":["GET"]}}],"collection":[{"href":"https:\/\/testing.monopol-colors.ch\/fr\/wp-json\/wp\/v2\/pages"}],"about":[{"href":"https:\/\/testing.monopol-colors.ch\/fr\/wp-json\/wp\/v2\/types\/page"}],"author":[{"embeddable":true,"href":"https:\/\/testing.monopol-colors.ch\/fr\/wp-json\/wp\/v2\/users\/17"}],"replies":[{"embeddable":true,"href":"https:\/\/testing.monopol-colors.ch\/fr\/wp-json\/wp\/v2\/comments?post=3909"}],"version-history":[{"count":5,"href":"https:\/\/testing.monopol-colors.ch\/fr\/wp-json\/wp\/v2\/pages\/3909\/revisions"}],"predecessor-version":[{"id":13673,"href":"https:\/\/testing.monopol-colors.ch\/fr\/wp-json\/wp\/v2\/pages\/3909\/revisions\/13673"}],"wp:attachment":[{"href":"https:\/\/testing.monopol-colors.ch\/fr\/wp-json\/wp\/v2\/media?parent=3909"}],"curies":[{"name":"wp","href":"https:\/\/api.w.org\/{rel}","templated":true}]}}