{"id":3900,"date":"2018-07-30T09:28:51","date_gmt":"2018-07-30T09:28:51","guid":{"rendered":"https:\/\/testing.monopol-colors.ch\/impressum\/"},"modified":"2025-03-13T15:56:14","modified_gmt":"2025-03-13T13:56:14","slug":"impressum","status":"publish","type":"page","link":"https:\/\/testing.monopol-colors.ch\/fr\/impressum\/","title":{"rendered":"Impressum"},"content":{"rendered":"<div class=\"wpb-content-wrapper\"><p>[vc_row el_class=\u00a0\u00bbwhite narrow\u00a0\u00bb][vc_column][vc_column_text css=\u00a0\u00bb\u00a0\u00bb]<\/p>\n<h1>Impressum<\/h1>\n<h3>Editeur<\/h3>\n<p class=\"first\">Monopol AG<br \/>\nOberrohrdorferstrasse 51<br \/>\n5442 Fislisbach<br \/>\nSchweiz<br \/>\n<a href=\"tel:+41564847777\">+41 56 484 77 77<\/a><br \/>\n<a href=\"mailto:info@monopol-colors.ch\">info@monopol-colors.ch<\/a><\/p>\n<h3>Contenu<\/h3>\n<p>Bamert.io GmbH<br \/>\n6340 Baar<br \/>\n<a title=\"Schmucki Agentur f\u00fcr Kommunikation AG\" href=\"https:\/\/www.bamert.io\" target=\"_blank\" rel=\"noopener noreferrer\">bamert.io<\/a><\/p>\n<h3>Photo et vid\u00e9o<\/h3>\n<p>BeLighted Productions<br \/>\n8907 Wettswil am Albis<br \/>\n<a href=\"http:\/\/belighted.ch\/\">belighted.ch<\/a><\/p>\n<h3>Programmation<\/h3>\n<p>Schmucki Agentur f\u00fcr Kommunikation AG<br \/>\n8620 Wetzikon<br \/>\n<a href=\"http:\/\/www.agenturschmucki.ch\/\" target=\"_blank\" rel=\"noopener noreferrer\">agenturschmucki.ch<\/a><\/p>\n<h3>Exclusion de responsabilit\u00e9<\/h3>\n<p>L\u2019auteur d\u00e9cline toute responsabilit\u00e9 quant \u00e0 l\u2019exactitude, la pr\u00e9cision, l\u2019actualit\u00e9, la fiabilit\u00e9 et l\u2019exhaustivit\u00e9 des informations de ce site. La responsabilit\u00e9 de l\u2019auteur est exclue en cas de dommages mat\u00e9riels ou immat\u00e9riels r\u00e9sultant de l\u2019acc\u00e8s, de l\u2019utilisation ou de la non-utilisation des informations publi\u00e9es, d\u2019une mauvaise utilisation de la connexion ou de d\u00e9faillances techniques. Toutes les offres sont sans engagement. L\u2019auteur se r\u00e9serve express\u00e9ment le droit de modifier, compl\u00e9ter ou effacer des parties des pages ou l\u2019ensemble de l\u2019offre sans pr\u00e9avis ou d\u2019en suspendre temporairement ou d\u00e9finitivement la publication.<\/p>\n<h3>Responsabilit\u00e9 des liens<\/h3>\n<p>Les r\u00e9f\u00e9rences et les liens vers d\u2019autres sites web ne rel\u00e8vent pas de notre domaine. Par cons\u00e9quent, nous d\u00e9clinons toute responsabilit\u00e9 pour ces sites. L\u2019acc\u00e8s \u00e0 ces sites ainsi que leur utilisation se font aux risques et p\u00e9rils de l\u2019utilisateur.<\/p>\n<h3>Droits d\u2019auteur<\/h3>\n<p>Les droits d\u2019auteur ainsi que tous les droits relatifs aux contenus, images, photos ou autres donn\u00e9es figurant sur le site web sont la propri\u00e9t\u00e9 exclusive de Monopol\u00a0AG ou des propri\u00e9taires l\u00e9gaux sp\u00e9cifiquement mentionn\u00e9s. Toute reproduction d\u2019un quelconque \u00e9l\u00e9ment du site web n\u00e9cessite l\u2019accord \u00e9crit pr\u00e9alable du d\u00e9tenteur des droits d\u2019auteur.<\/p>\n<p>\u00a9 Copyright Monopol AG \u2013 all rights reserved.[\/vc_column_text][\/vc_column][\/vc_row]<\/p>\n<\/div>","protected":false},"excerpt":{"rendered":"<p>[vc_row el_class=\u00a0\u00bbwhite narrow\u00a0\u00bb][vc_column][vc_column_text css=\u00a0\u00bb\u00a0\u00bb] Impressum Editeur Monopol AG Oberrohrdorferstrasse 51 5442 Fislisbach Schweiz +41 56 484 77 77 info@monopol-colors.ch Contenu Bamert.io GmbH 6340 Baar bamert.io Photo et vid\u00e9o BeLighted Productions 8907 Wettswil am Albis belighted.ch Programmation Schmucki Agentur f\u00fcr Kommunikation AG 8620 Wetzikon agenturschmucki.ch Exclusion de responsabilit\u00e9 L\u2019auteur d\u00e9cline toute responsabilit\u00e9 quant \u00e0 l\u2019exactitude, la [&hellip;]<\/p>\n","protected":false},"author":17,"featured_media":0,"parent":0,"menu_order":81,"comment_status":"closed","ping_status":"closed","template":"page-impressum-datenschutz.php","meta":{"_acf_changed":false,"footnotes":""},"class_list":["post-3900","page","type-page","status-publish","hentry"],"acf":[],"yoast_head":"<!-- This site is optimized with the Yoast SEO plugin v25.6 - https:\/\/yoast.com\/wordpress\/plugins\/seo\/ -->\n<title>Impressum | Monopol Colors<\/title>\n<meta name=\"description\" content=\"Ce site Internet est exploit\u00e9 par Monopol AG. Les mentions l\u00e9gales indiquent l\u2019adresse du si\u00e8ge ainsi que d\u2019autres moyens de prendre contact.\" \/>\n<meta name=\"robots\" content=\"noindex, follow, max-snippet:-1, max-image-preview:large, max-video-preview:-1\" \/>\n<meta property=\"og:locale\" content=\"fr_FR\" \/>\n<meta property=\"og:type\" content=\"article\" \/>\n<meta property=\"og:title\" content=\"Impressum | Monopol Colors\" \/>\n<meta property=\"og:description\" content=\"Ce site Internet est exploit\u00e9 par Monopol AG. Les mentions l\u00e9gales indiquent l\u2019adresse du si\u00e8ge ainsi que d\u2019autres moyens de prendre contact.\" \/>\n<meta property=\"og:url\" content=\"https:\/\/testing.monopol-colors.ch\/fr\/impressum\/\" \/>\n<meta property=\"og:site_name\" content=\"Monopol Colors\" \/>\n<meta property=\"article:modified_time\" content=\"2025-03-13T13:56:14+00:00\" \/>\n<meta name=\"twitter:card\" content=\"summary_large_image\" \/>\n<meta name=\"twitter:label1\" content=\"Dur\u00e9e de lecture estim\u00e9e\" \/>\n\t<meta name=\"twitter:data1\" content=\"2 minutes\" \/>\n<script type=\"application\/ld+json\" class=\"yoast-schema-graph\">{\"@context\":\"https:\/\/schema.org\",\"@graph\":[{\"@type\":\"WebPage\",\"@id\":\"https:\/\/testing.monopol-colors.ch\/fr\/impressum\/\",\"url\":\"https:\/\/testing.monopol-colors.ch\/fr\/impressum\/\",\"name\":\"Impressum | Monopol Colors\",\"isPartOf\":{\"@id\":\"https:\/\/testing.monopol-colors.ch\/de\/#website\"},\"datePublished\":\"2018-07-30T09:28:51+00:00\",\"dateModified\":\"2025-03-13T13:56:14+00:00\",\"description\":\"Ce site Internet est exploit\u00e9 par Monopol AG. Les mentions l\u00e9gales indiquent l\u2019adresse du si\u00e8ge ainsi que d\u2019autres moyens de prendre contact.\",\"breadcrumb\":{\"@id\":\"https:\/\/testing.monopol-colors.ch\/fr\/impressum\/#breadcrumb\"},\"inLanguage\":\"fr-FR\",\"potentialAction\":[{\"@type\":\"ReadAction\",\"target\":[\"https:\/\/testing.monopol-colors.ch\/fr\/impressum\/\"]}]},{\"@type\":\"BreadcrumbList\",\"@id\":\"https:\/\/testing.monopol-colors.ch\/fr\/impressum\/#breadcrumb\",\"itemListElement\":[{\"@type\":\"ListItem\",\"position\":1,\"name\":\"Home\",\"item\":\"https:\/\/testing.monopol-colors.ch\/fr\/\"},{\"@type\":\"ListItem\",\"position\":2,\"name\":\"Impressum\"}]},{\"@type\":\"WebSite\",\"@id\":\"https:\/\/testing.monopol-colors.ch\/de\/#website\",\"url\":\"https:\/\/testing.monopol-colors.ch\/de\/\",\"name\":\"Monopol Colors\",\"description\":\"\",\"potentialAction\":[{\"@type\":\"SearchAction\",\"target\":{\"@type\":\"EntryPoint\",\"urlTemplate\":\"https:\/\/testing.monopol-colors.ch\/de\/?s={search_term_string}\"},\"query-input\":{\"@type\":\"PropertyValueSpecification\",\"valueRequired\":true,\"valueName\":\"search_term_string\"}}],\"inLanguage\":\"fr-FR\"}]}<\/script>\n<!-- \/ Yoast SEO plugin. -->","yoast_head_json":{"title":"Impressum | Monopol Colors","description":"Ce site Internet est exploit\u00e9 par Monopol AG. Les mentions l\u00e9gales indiquent l\u2019adresse du si\u00e8ge ainsi que d\u2019autres moyens de prendre contact.","robots":{"index":"noindex","follow":"follow","max-snippet":"max-snippet:-1","max-image-preview":"max-image-preview:large","max-video-preview":"max-video-preview:-1"},"og_locale":"fr_FR","og_type":"article","og_title":"Impressum | Monopol Colors","og_description":"Ce site Internet est exploit\u00e9 par Monopol AG. Les mentions l\u00e9gales indiquent l\u2019adresse du si\u00e8ge ainsi que d\u2019autres moyens de prendre contact.","og_url":"https:\/\/testing.monopol-colors.ch\/fr\/impressum\/","og_site_name":"Monopol Colors","article_modified_time":"2025-03-13T13:56:14+00:00","twitter_card":"summary_large_image","twitter_misc":{"Dur\u00e9e de lecture estim\u00e9e":"2 minutes"},"schema":{"@context":"https:\/\/schema.org","@graph":[{"@type":"WebPage","@id":"https:\/\/testing.monopol-colors.ch\/fr\/impressum\/","url":"https:\/\/testing.monopol-colors.ch\/fr\/impressum\/","name":"Impressum | Monopol Colors","isPartOf":{"@id":"https:\/\/testing.monopol-colors.ch\/de\/#website"},"datePublished":"2018-07-30T09:28:51+00:00","dateModified":"2025-03-13T13:56:14+00:00","description":"Ce site Internet est exploit\u00e9 par Monopol AG. Les mentions l\u00e9gales indiquent l\u2019adresse du si\u00e8ge ainsi que d\u2019autres moyens de prendre contact.","breadcrumb":{"@id":"https:\/\/testing.monopol-colors.ch\/fr\/impressum\/#breadcrumb"},"inLanguage":"fr-FR","potentialAction":[{"@type":"ReadAction","target":["https:\/\/testing.monopol-colors.ch\/fr\/impressum\/"]}]},{"@type":"BreadcrumbList","@id":"https:\/\/testing.monopol-colors.ch\/fr\/impressum\/#breadcrumb","itemListElement":[{"@type":"ListItem","position":1,"name":"Home","item":"https:\/\/testing.monopol-colors.ch\/fr\/"},{"@type":"ListItem","position":2,"name":"Impressum"}]},{"@type":"WebSite","@id":"https:\/\/testing.monopol-colors.ch\/de\/#website","url":"https:\/\/testing.monopol-colors.ch\/de\/","name":"Monopol Colors","description":"","potentialAction":[{"@type":"SearchAction","target":{"@type":"EntryPoint","urlTemplate":"https:\/\/testing.monopol-colors.ch\/de\/?s={search_term_string}"},"query-input":{"@type":"PropertyValueSpecification","valueRequired":true,"valueName":"search_term_string"}}],"inLanguage":"fr-FR"}]}},"_links":{"self":[{"href":"https:\/\/testing.monopol-colors.ch\/fr\/wp-json\/wp\/v2\/pages\/3900","targetHints":{"allow":["GET"]}}],"collection":[{"href":"https:\/\/testing.monopol-colors.ch\/fr\/wp-json\/wp\/v2\/pages"}],"about":[{"href":"https:\/\/testing.monopol-colors.ch\/fr\/wp-json\/wp\/v2\/types\/page"}],"author":[{"embeddable":true,"href":"https:\/\/testing.monopol-colors.ch\/fr\/wp-json\/wp\/v2\/users\/17"}],"replies":[{"embeddable":true,"href":"https:\/\/testing.monopol-colors.ch\/fr\/wp-json\/wp\/v2\/comments?post=3900"}],"version-history":[{"count":2,"href":"https:\/\/testing.monopol-colors.ch\/fr\/wp-json\/wp\/v2\/pages\/3900\/revisions"}],"predecessor-version":[{"id":14764,"href":"https:\/\/testing.monopol-colors.ch\/fr\/wp-json\/wp\/v2\/pages\/3900\/revisions\/14764"}],"wp:attachment":[{"href":"https:\/\/testing.monopol-colors.ch\/fr\/wp-json\/wp\/v2\/media?parent=3900"}],"curies":[{"name":"wp","href":"https:\/\/api.w.org\/{rel}","templated":true}]}}