{"id":3896,"date":"2018-08-29T15:13:36","date_gmt":"2018-08-29T13:13:36","guid":{"rendered":"https:\/\/testing.monopol-colors.ch\/indien\/"},"modified":"2024-02-12T12:07:29","modified_gmt":"2024-02-12T10:07:29","slug":"inde","status":"publish","type":"page","link":"https:\/\/testing.monopol-colors.ch\/fr\/inde\/","title":{"rendered":"Inde"},"content":{"rendered":"<div class=\"wpb-content-wrapper\"><p>[vc_row el_class=\u00a0\u00bbwhite narrow\u00a0\u00bb][vc_column][vc_column_text]<\/p>\n<h1>Monopol Colors India<\/h1>\n<h2>Site de production Mumbai<\/h2>\n<p>En 2009, Monopol Colors a commenc\u00e9 la production \u00e0 Mumbai. La filiale indienne est sp\u00e9cialis\u00e9e dans les vernis industriels et le coil coating pour les applications dans l\u2019architecture et la construction. La plupart des 100\u00a0collaborateurs travaillent au sein de l\u2019entreprise depuis sa cr\u00e9ation.<\/p>\n<p>Face \u00e0 son expansion, Monopol Colors s\u2019est vu oblig\u00e9 de construire une nouvelle usine qui s\u2019est ouverte en 2018 \u00e0 Patalganga, \u00e0 une cinquantaine de kilom\u00e8tres de Mumbai. Lors de sa construction, Monopol s\u2019est bas\u00e9s sur la science indienne du Vastu en plus de prendre en compte les conditions g\u00e9ologiques et de planification.<\/p>\n<p>Reposant sur un concept th\u00e9orique et philosophique, le Vastu cherche \u00e0 cr\u00e9er des conditions harmonieuses dans les b\u00e2timents et les locaux. Ainsi, les b\u00e2timents doivent \u00eatre \u00e9difi\u00e9s en harmonie avec la nature, un peu comme le Feng Shui. Les efforts mis en \u0153uvre doivent b\u00e9n\u00e9ficier au capital le plus important d\u2019une entreprise: ses collaborateurs.[\/vc_column_text]<div class=\"wpb_accordion_column wpb_content_element white small\"><div class=\"wpb_wrapper\"><div class=\"wpb_content_element wpb_accordion_column accordion_simple\"><div class=\"accordions accordions_0\"><div class=\"custom_accordion_item accordion custom_accordion accordion_1_0\"><div class=\"accordion__header\" id=\"accordion_header_1_0\"><div class=\"accordion_trigger js-accordion_trigger\" data-toggle=\"collapse\" \r\n\t\t\t\t\tdata-target=\"#accordion_content_1_0_acc958\" \r\n          aria-expanded=\"false\" aria-controls=\"accordion_content_1_0\"><h3 class=\"accordion-title accordion-title-icon icon--position-left js-accordion-controller\"><div>Contact<\/div><\/h3><\/div><\/div><div class=\"accordion__content collapse not-click-to-close\" id=\"accordion_content_1_0_acc958\" aria-labelledby=\"accordion_header_1_0\"><div class=\"inside\"><div class=\"accordion-content\"><div class=\"accordion__inside\"><div class=\"accordion__element\"><div class=\"accordion__element\"><p>Monopol Colors India Pvt. Ltd.<\/p>\n<div>\n<div>Plot No. N 42, Additional MIDC Patalganga<\/div>\n<div>At Karade Khurd<\/div>\n<div>Taluka Panvel, District Raigad<\/div>\n<div>Maharashtra &#8211; 410207<\/div>\n<div>India<\/div>\n<div>T\u00e9l\u00e9phone\u00a0 +91 771 80 98 900<\/div>\n<div>E-Mail\u00a0\u00a0\u00a0\u00a0info@monopol-colors.in<\/p>\n<\/div><!-- Start Accordion Content --><\/div><\/div><\/div><\/div><\/div><\/div><\/div><\/div><\/div><\/div>[\/vc_column][\/vc_row]<\/div>\n<\/div>\n<\/div>","protected":false},"excerpt":{"rendered":"<p>[vc_row el_class=\u00a0\u00bbwhite narrow\u00a0\u00bb][vc_column][vc_column_text] Monopol Colors India Site de production Mumbai En 2009, Monopol Colors a commenc\u00e9 la production \u00e0 Mumbai. La filiale indienne est sp\u00e9cialis\u00e9e dans les vernis industriels et le coil coating pour les applications dans l\u2019architecture et la construction. La plupart des 100\u00a0collaborateurs travaillent au sein de l\u2019entreprise depuis sa cr\u00e9ation. Face \u00e0 [&hellip;]<\/p>\n","protected":false},"author":17,"featured_media":0,"parent":0,"menu_order":63,"comment_status":"closed","ping_status":"closed","template":"page-headerbild.php","meta":{"_acf_changed":false,"footnotes":""},"class_list":["post-3896","page","type-page","status-publish","hentry"],"acf":[],"yoast_head":"<!-- This site is optimized with the Yoast SEO plugin v25.6 - https:\/\/yoast.com\/wordpress\/plugins\/seo\/ -->\n<title>Inde \u2013 des peintures pour le monde entier | Monopol Colors<\/title>\n<meta name=\"description\" content=\"Monopol Colors a d\u00e9marr\u00e9 la production en Inde en 2009. La filiale est sp\u00e9cialis\u00e9e dans les vernis industriels et le coil coating.\" \/>\n<meta name=\"robots\" content=\"noindex, follow, max-snippet:-1, max-image-preview:large, max-video-preview:-1\" \/>\n<meta property=\"og:locale\" content=\"fr_FR\" \/>\n<meta property=\"og:type\" content=\"article\" \/>\n<meta property=\"og:title\" content=\"Inde \u2013 des peintures pour le monde entier | Monopol Colors\" \/>\n<meta property=\"og:description\" content=\"Monopol Colors a d\u00e9marr\u00e9 la production en Inde en 2009. La filiale est sp\u00e9cialis\u00e9e dans les vernis industriels et le coil coating.\" \/>\n<meta property=\"og:url\" content=\"https:\/\/testing.monopol-colors.ch\/fr\/inde\/\" \/>\n<meta property=\"og:site_name\" content=\"Monopol Colors\" \/>\n<meta property=\"article:modified_time\" content=\"2024-02-12T10:07:29+00:00\" \/>\n<meta name=\"twitter:card\" content=\"summary_large_image\" \/>\n<meta name=\"twitter:label1\" content=\"Dur\u00e9e de lecture estim\u00e9e\" \/>\n\t<meta name=\"twitter:data1\" content=\"2 minutes\" \/>\n<script type=\"application\/ld+json\" class=\"yoast-schema-graph\">{\"@context\":\"https:\/\/schema.org\",\"@graph\":[{\"@type\":\"WebPage\",\"@id\":\"https:\/\/testing.monopol-colors.ch\/fr\/inde\/\",\"url\":\"https:\/\/testing.monopol-colors.ch\/fr\/inde\/\",\"name\":\"Inde \u2013 des peintures pour le monde entier | Monopol Colors\",\"isPartOf\":{\"@id\":\"https:\/\/testing.monopol-colors.ch\/de\/#website\"},\"datePublished\":\"2018-08-29T13:13:36+00:00\",\"dateModified\":\"2024-02-12T10:07:29+00:00\",\"description\":\"Monopol Colors a d\u00e9marr\u00e9 la production en Inde en 2009. La filiale est sp\u00e9cialis\u00e9e dans les vernis industriels et le coil coating.\",\"breadcrumb\":{\"@id\":\"https:\/\/testing.monopol-colors.ch\/fr\/inde\/#breadcrumb\"},\"inLanguage\":\"fr-FR\",\"potentialAction\":[{\"@type\":\"ReadAction\",\"target\":[\"https:\/\/testing.monopol-colors.ch\/fr\/inde\/\"]}]},{\"@type\":\"BreadcrumbList\",\"@id\":\"https:\/\/testing.monopol-colors.ch\/fr\/inde\/#breadcrumb\",\"itemListElement\":[{\"@type\":\"ListItem\",\"position\":1,\"name\":\"Home\",\"item\":\"https:\/\/testing.monopol-colors.ch\/fr\/\"},{\"@type\":\"ListItem\",\"position\":2,\"name\":\"Inde\"}]},{\"@type\":\"WebSite\",\"@id\":\"https:\/\/testing.monopol-colors.ch\/de\/#website\",\"url\":\"https:\/\/testing.monopol-colors.ch\/de\/\",\"name\":\"Monopol Colors\",\"description\":\"\",\"potentialAction\":[{\"@type\":\"SearchAction\",\"target\":{\"@type\":\"EntryPoint\",\"urlTemplate\":\"https:\/\/testing.monopol-colors.ch\/de\/?s={search_term_string}\"},\"query-input\":{\"@type\":\"PropertyValueSpecification\",\"valueRequired\":true,\"valueName\":\"search_term_string\"}}],\"inLanguage\":\"fr-FR\"}]}<\/script>\n<!-- \/ Yoast SEO plugin. -->","yoast_head_json":{"title":"Inde \u2013 des peintures pour le monde entier | Monopol Colors","description":"Monopol Colors a d\u00e9marr\u00e9 la production en Inde en 2009. La filiale est sp\u00e9cialis\u00e9e dans les vernis industriels et le coil coating.","robots":{"index":"noindex","follow":"follow","max-snippet":"max-snippet:-1","max-image-preview":"max-image-preview:large","max-video-preview":"max-video-preview:-1"},"og_locale":"fr_FR","og_type":"article","og_title":"Inde \u2013 des peintures pour le monde entier | Monopol Colors","og_description":"Monopol Colors a d\u00e9marr\u00e9 la production en Inde en 2009. La filiale est sp\u00e9cialis\u00e9e dans les vernis industriels et le coil coating.","og_url":"https:\/\/testing.monopol-colors.ch\/fr\/inde\/","og_site_name":"Monopol Colors","article_modified_time":"2024-02-12T10:07:29+00:00","twitter_card":"summary_large_image","twitter_misc":{"Dur\u00e9e de lecture estim\u00e9e":"2 minutes"},"schema":{"@context":"https:\/\/schema.org","@graph":[{"@type":"WebPage","@id":"https:\/\/testing.monopol-colors.ch\/fr\/inde\/","url":"https:\/\/testing.monopol-colors.ch\/fr\/inde\/","name":"Inde \u2013 des peintures pour le monde entier | Monopol Colors","isPartOf":{"@id":"https:\/\/testing.monopol-colors.ch\/de\/#website"},"datePublished":"2018-08-29T13:13:36+00:00","dateModified":"2024-02-12T10:07:29+00:00","description":"Monopol Colors a d\u00e9marr\u00e9 la production en Inde en 2009. La filiale est sp\u00e9cialis\u00e9e dans les vernis industriels et le coil coating.","breadcrumb":{"@id":"https:\/\/testing.monopol-colors.ch\/fr\/inde\/#breadcrumb"},"inLanguage":"fr-FR","potentialAction":[{"@type":"ReadAction","target":["https:\/\/testing.monopol-colors.ch\/fr\/inde\/"]}]},{"@type":"BreadcrumbList","@id":"https:\/\/testing.monopol-colors.ch\/fr\/inde\/#breadcrumb","itemListElement":[{"@type":"ListItem","position":1,"name":"Home","item":"https:\/\/testing.monopol-colors.ch\/fr\/"},{"@type":"ListItem","position":2,"name":"Inde"}]},{"@type":"WebSite","@id":"https:\/\/testing.monopol-colors.ch\/de\/#website","url":"https:\/\/testing.monopol-colors.ch\/de\/","name":"Monopol Colors","description":"","potentialAction":[{"@type":"SearchAction","target":{"@type":"EntryPoint","urlTemplate":"https:\/\/testing.monopol-colors.ch\/de\/?s={search_term_string}"},"query-input":{"@type":"PropertyValueSpecification","valueRequired":true,"valueName":"search_term_string"}}],"inLanguage":"fr-FR"}]}},"_links":{"self":[{"href":"https:\/\/testing.monopol-colors.ch\/fr\/wp-json\/wp\/v2\/pages\/3896","targetHints":{"allow":["GET"]}}],"collection":[{"href":"https:\/\/testing.monopol-colors.ch\/fr\/wp-json\/wp\/v2\/pages"}],"about":[{"href":"https:\/\/testing.monopol-colors.ch\/fr\/wp-json\/wp\/v2\/types\/page"}],"author":[{"embeddable":true,"href":"https:\/\/testing.monopol-colors.ch\/fr\/wp-json\/wp\/v2\/users\/17"}],"replies":[{"embeddable":true,"href":"https:\/\/testing.monopol-colors.ch\/fr\/wp-json\/wp\/v2\/comments?post=3896"}],"version-history":[{"count":2,"href":"https:\/\/testing.monopol-colors.ch\/fr\/wp-json\/wp\/v2\/pages\/3896\/revisions"}],"predecessor-version":[{"id":13940,"href":"https:\/\/testing.monopol-colors.ch\/fr\/wp-json\/wp\/v2\/pages\/3896\/revisions\/13940"}],"wp:attachment":[{"href":"https:\/\/testing.monopol-colors.ch\/fr\/wp-json\/wp\/v2\/media?parent=3896"}],"curies":[{"name":"wp","href":"https:\/\/api.w.org\/{rel}","templated":true}]}}