{"id":3878,"date":"2019-01-22T12:25:10","date_gmt":"2019-01-22T10:25:10","guid":{"rendered":"https:\/\/testing.monopol-colors.ch\/muster-und-tests\/"},"modified":"2025-02-13T16:01:41","modified_gmt":"2025-02-13T14:01:41","slug":"echantillons-et-tests","status":"publish","type":"page","link":"https:\/\/testing.monopol-colors.ch\/fr\/echantillons-et-tests\/","title":{"rendered":"Echantillons et tests"},"content":{"rendered":"<div class=\"wpb-content-wrapper\"><p>[vc_row][vc_column][vc_column_text css=\u00a0\u00bb\u00a0\u00bb]<\/p>\r\n<h1 class=\"wp-block-heading\">Echantillons et tests<\/h1>\r\n<h2>Tarifs 2025<\/h2>\r\n<p>Monopol Colors facture les frais de fabrication d&rsquo;\u00e9chantillons, l&rsquo;accompagnement pour l&rsquo;assurance qualit\u00e9 et les rapports \u00e9crits selon les modalit\u00e9s suivantes.<\/p>\r\n<p>\u00a0<\/p>\r\n<p>\u00a0<\/p>\r\n<p>[\/vc_column_text]<div class=\"wpb_pdf_column wpb_content_element small white\"><div class=\"wpb_wrapper\"><a href=\"https:\/\/testing.monopol-colors.ch\/wp-content\/uploads\/Tarifs_Echantillons_Tests_2025_f.pdf\" target=\"_blank\">Echantillons et tests<\/a><\/div><\/div>[\/vc_column][\/vc_row]<\/p><\/div>","protected":false},"excerpt":{"rendered":"<p>[vc_row][vc_column][vc_column_text css=\u00a0\u00bb\u00a0\u00bb] Echantillons et tests Tarifs 2025 Monopol Colors facture les frais de fabrication d&rsquo;\u00e9chantillons, l&rsquo;accompagnement pour l&rsquo;assurance qualit\u00e9 et les rapports \u00e9crits selon les modalit\u00e9s suivantes. \u00a0 \u00a0 [\/vc_column_text][\/vc_column][\/vc_row]<\/p>\n","protected":false},"author":5,"featured_media":0,"parent":0,"menu_order":21,"comment_status":"closed","ping_status":"closed","template":"","meta":{"_acf_changed":false,"footnotes":""},"class_list":["post-3878","page","type-page","status-publish","hentry"],"acf":[],"yoast_head":"<!-- This site is optimized with the Yoast SEO plugin v25.6 - https:\/\/yoast.com\/wordpress\/plugins\/seo\/ -->\n<title>Tarifs des \u00e9chantillons et tests en laboratoire | Monopol Colors<\/title>\n<meta name=\"description\" content=\"Monopol Colors facture les frais pour la production d\u2019\u00e9chantillons, le support AQ et les rapports \u00e9crits selon les tarifs ci-dessous.\" \/>\n<meta name=\"robots\" content=\"noindex, follow, max-snippet:-1, max-image-preview:large, max-video-preview:-1\" \/>\n<meta property=\"og:locale\" content=\"fr_FR\" \/>\n<meta property=\"og:type\" content=\"article\" \/>\n<meta property=\"og:title\" content=\"Tarifs des \u00e9chantillons et tests en laboratoire | Monopol Colors\" \/>\n<meta property=\"og:description\" content=\"Monopol Colors facture les frais pour la production d\u2019\u00e9chantillons, le support AQ et les rapports \u00e9crits selon les tarifs ci-dessous.\" \/>\n<meta property=\"og:url\" content=\"https:\/\/testing.monopol-colors.ch\/fr\/echantillons-et-tests\/\" \/>\n<meta property=\"og:site_name\" content=\"Monopol Colors\" \/>\n<meta property=\"article:modified_time\" content=\"2025-02-13T14:01:41+00:00\" \/>\n<meta name=\"twitter:card\" content=\"summary_large_image\" \/>\n<meta name=\"twitter:label1\" content=\"Dur\u00e9e de lecture estim\u00e9e\" \/>\n\t<meta name=\"twitter:data1\" content=\"1 minute\" \/>\n<script type=\"application\/ld+json\" class=\"yoast-schema-graph\">{\"@context\":\"https:\/\/schema.org\",\"@graph\":[{\"@type\":\"WebPage\",\"@id\":\"https:\/\/testing.monopol-colors.ch\/fr\/echantillons-et-tests\/\",\"url\":\"https:\/\/testing.monopol-colors.ch\/fr\/echantillons-et-tests\/\",\"name\":\"Tarifs des \u00e9chantillons et tests en laboratoire | Monopol Colors\",\"isPartOf\":{\"@id\":\"https:\/\/testing.monopol-colors.ch\/de\/#website\"},\"datePublished\":\"2019-01-22T10:25:10+00:00\",\"dateModified\":\"2025-02-13T14:01:41+00:00\",\"description\":\"Monopol Colors facture les frais pour la production d\u2019\u00e9chantillons, le support AQ et les rapports \u00e9crits selon les tarifs ci-dessous.\",\"breadcrumb\":{\"@id\":\"https:\/\/testing.monopol-colors.ch\/fr\/echantillons-et-tests\/#breadcrumb\"},\"inLanguage\":\"fr-FR\",\"potentialAction\":[{\"@type\":\"ReadAction\",\"target\":[\"https:\/\/testing.monopol-colors.ch\/fr\/echantillons-et-tests\/\"]}]},{\"@type\":\"BreadcrumbList\",\"@id\":\"https:\/\/testing.monopol-colors.ch\/fr\/echantillons-et-tests\/#breadcrumb\",\"itemListElement\":[{\"@type\":\"ListItem\",\"position\":1,\"name\":\"Home\",\"item\":\"https:\/\/testing.monopol-colors.ch\/fr\/\"},{\"@type\":\"ListItem\",\"position\":2,\"name\":\"Echantillons et tests\"}]},{\"@type\":\"WebSite\",\"@id\":\"https:\/\/testing.monopol-colors.ch\/de\/#website\",\"url\":\"https:\/\/testing.monopol-colors.ch\/de\/\",\"name\":\"Monopol Colors\",\"description\":\"\",\"potentialAction\":[{\"@type\":\"SearchAction\",\"target\":{\"@type\":\"EntryPoint\",\"urlTemplate\":\"https:\/\/testing.monopol-colors.ch\/de\/?s={search_term_string}\"},\"query-input\":{\"@type\":\"PropertyValueSpecification\",\"valueRequired\":true,\"valueName\":\"search_term_string\"}}],\"inLanguage\":\"fr-FR\"}]}<\/script>\n<!-- \/ Yoast SEO plugin. -->","yoast_head_json":{"title":"Tarifs des \u00e9chantillons et tests en laboratoire | Monopol Colors","description":"Monopol Colors facture les frais pour la production d\u2019\u00e9chantillons, le support AQ et les rapports \u00e9crits selon les tarifs ci-dessous.","robots":{"index":"noindex","follow":"follow","max-snippet":"max-snippet:-1","max-image-preview":"max-image-preview:large","max-video-preview":"max-video-preview:-1"},"og_locale":"fr_FR","og_type":"article","og_title":"Tarifs des \u00e9chantillons et tests en laboratoire | Monopol Colors","og_description":"Monopol Colors facture les frais pour la production d\u2019\u00e9chantillons, le support AQ et les rapports \u00e9crits selon les tarifs ci-dessous.","og_url":"https:\/\/testing.monopol-colors.ch\/fr\/echantillons-et-tests\/","og_site_name":"Monopol Colors","article_modified_time":"2025-02-13T14:01:41+00:00","twitter_card":"summary_large_image","twitter_misc":{"Dur\u00e9e de lecture estim\u00e9e":"1 minute"},"schema":{"@context":"https:\/\/schema.org","@graph":[{"@type":"WebPage","@id":"https:\/\/testing.monopol-colors.ch\/fr\/echantillons-et-tests\/","url":"https:\/\/testing.monopol-colors.ch\/fr\/echantillons-et-tests\/","name":"Tarifs des \u00e9chantillons et tests en laboratoire | Monopol Colors","isPartOf":{"@id":"https:\/\/testing.monopol-colors.ch\/de\/#website"},"datePublished":"2019-01-22T10:25:10+00:00","dateModified":"2025-02-13T14:01:41+00:00","description":"Monopol Colors facture les frais pour la production d\u2019\u00e9chantillons, le support AQ et les rapports \u00e9crits selon les tarifs ci-dessous.","breadcrumb":{"@id":"https:\/\/testing.monopol-colors.ch\/fr\/echantillons-et-tests\/#breadcrumb"},"inLanguage":"fr-FR","potentialAction":[{"@type":"ReadAction","target":["https:\/\/testing.monopol-colors.ch\/fr\/echantillons-et-tests\/"]}]},{"@type":"BreadcrumbList","@id":"https:\/\/testing.monopol-colors.ch\/fr\/echantillons-et-tests\/#breadcrumb","itemListElement":[{"@type":"ListItem","position":1,"name":"Home","item":"https:\/\/testing.monopol-colors.ch\/fr\/"},{"@type":"ListItem","position":2,"name":"Echantillons et tests"}]},{"@type":"WebSite","@id":"https:\/\/testing.monopol-colors.ch\/de\/#website","url":"https:\/\/testing.monopol-colors.ch\/de\/","name":"Monopol Colors","description":"","potentialAction":[{"@type":"SearchAction","target":{"@type":"EntryPoint","urlTemplate":"https:\/\/testing.monopol-colors.ch\/de\/?s={search_term_string}"},"query-input":{"@type":"PropertyValueSpecification","valueRequired":true,"valueName":"search_term_string"}}],"inLanguage":"fr-FR"}]}},"_links":{"self":[{"href":"https:\/\/testing.monopol-colors.ch\/fr\/wp-json\/wp\/v2\/pages\/3878","targetHints":{"allow":["GET"]}}],"collection":[{"href":"https:\/\/testing.monopol-colors.ch\/fr\/wp-json\/wp\/v2\/pages"}],"about":[{"href":"https:\/\/testing.monopol-colors.ch\/fr\/wp-json\/wp\/v2\/types\/page"}],"author":[{"embeddable":true,"href":"https:\/\/testing.monopol-colors.ch\/fr\/wp-json\/wp\/v2\/users\/5"}],"replies":[{"embeddable":true,"href":"https:\/\/testing.monopol-colors.ch\/fr\/wp-json\/wp\/v2\/comments?post=3878"}],"version-history":[{"count":10,"href":"https:\/\/testing.monopol-colors.ch\/fr\/wp-json\/wp\/v2\/pages\/3878\/revisions"}],"predecessor-version":[{"id":14650,"href":"https:\/\/testing.monopol-colors.ch\/fr\/wp-json\/wp\/v2\/pages\/3878\/revisions\/14650"}],"wp:attachment":[{"href":"https:\/\/testing.monopol-colors.ch\/fr\/wp-json\/wp\/v2\/media?parent=3878"}],"curies":[{"name":"wp","href":"https:\/\/api.w.org\/{rel}","templated":true}]}}