{"id":8,"date":"2018-07-30T09:28:51","date_gmt":"2018-07-30T09:28:51","guid":{"rendered":"https:\/\/testing.monopol-colors.ch\/?page_id=8"},"modified":"2025-03-13T15:55:23","modified_gmt":"2025-03-13T13:55:23","slug":"impressum","status":"publish","type":"page","link":"https:\/\/testing.monopol-colors.ch\/de\/impressum\/","title":{"rendered":"Impressum"},"content":{"rendered":"<div class=\"wpb-content-wrapper\"><p>[vc_row el_class=&#8220;white narrow&#8220;][vc_column][vc_column_text css=&#8220;&#8220;]<\/p>\n<h1>Impressum<\/h1>\n<h3 class=\"first\">Herausgeber<\/h3>\n<p class=\"first\">Monopol AG<br \/>\nOberrohrdorferstrasse 51<br \/>\n5442 Fislisbach<br \/>\nSchweiz<br \/>\n<a href=\"tel:+41564847777\">+41 56 484 77 77<\/a><br \/>\n<a href=\"mailto:info@monopol-colors.ch\">info@monopol-colors.ch<\/a><\/p>\n<h3>Content<\/h3>\n<p>Bamert.io GmbH<br \/>\n6340 Baar<br \/>\n<a title=\"Schmucki Agentur f\u00fcr Kommunikation AG\" href=\"https:\/\/www.bamert.io\" target=\"_blank\" rel=\"noopener noreferrer\">bamert.io<\/a><\/p>\n<h3>Foto &amp; Video<\/h3>\n<p>BeLighted Productions<br \/>\n8907 Wettswil am Albis<br \/>\n<a href=\"http:\/\/belighted.ch\/\">belighted.ch<\/a><\/p>\n<h3>Programmierung<\/h3>\n<p>Schmucki Agentur f\u00fcr Kommunikation AG<br \/>\n8610 Uster<br \/>\n<a title=\"Schmucki Agentur f\u00fcr Kommunikation AG\" href=\"https:\/\/www.agenturschmucki.ch\" target=\"_blank\" rel=\"noopener noreferrer\">agenturschmucki.ch<\/a><\/p>\n<h3>Haftungsausschluss<\/h3>\n<p>Der Autor \u00fcbernimmt keinerlei Gew\u00e4hr hinsichtlich der inhaltlichen Richtigkeit, Genauigkeit, Aktualit\u00e4t, Zuverl\u00e4ssigkeit und Vollst\u00e4ndigkeit der Informationen.<br \/>\nHaftungsanspr\u00fcche gegen den Autor wegen Sch\u00e4den materieller oder immaterieller Art, welche aus dem Zugriff oder der Nutzung bzw. Nichtnutzung der ver\u00f6ffentlichten Informationen, durch Missbrauch der Verbindung oder durch technische St\u00f6rungen entstanden sind, werden ausgeschlossen.<br \/>\nAlle Angebote sind unverbindlich. Der Autor beh\u00e4lt es sich ausdr\u00fccklich vor, Teile der Seiten oder das gesamte Angebot ohne gesonderte Ank\u00fcndigung zu ver\u00e4ndern, zu erg\u00e4nzen, zu l\u00f6schen oder die Ver\u00f6ffentlichung zeitweise oder endg\u00fcltig einzustellen.<\/p>\n<h3>Haftung f\u00fcr Links<\/h3>\n<p>Verweise und Links auf Websites Dritter liegen ausserhalb unseres Verantwortungsbereichs. Es wird jegliche Verantwortung f\u00fcr solche Websites abgelehnt. Der Zugriff und die Nutzung solcher Websites erfolgen auf eigene Gefahr des Nutzers oder der Nutzerin.<\/p>\n<h3>Urheberrechte<\/h3>\n<p>Die Urheberrechte und alle anderen Rechte an Inhalten, Bildern, Fotos oder anderen Dateien auf der Website geh\u00f6ren ausschliesslich der Monopol AG oder den speziell genannten Rechtsinhabern. F\u00fcr die Reproduktion jeglicher Elemente ist die schriftliche Zustimmung der Urheberrechtstr\u00e4ger im Voraus einzuholen.<\/p>\n<p>\u00a9 Copyright Monopol AG \u2013 all rights reserved.[\/vc_column_text][\/vc_column][\/vc_row]<\/p>\n<\/div>","protected":false},"excerpt":{"rendered":"<p>[vc_row el_class=&#8220;white narrow&#8220;][vc_column][vc_column_text css=&#8220;&#8220;] Impressum Herausgeber Monopol AG Oberrohrdorferstrasse 51 5442 Fislisbach Schweiz +41 56 484 77 77 info@monopol-colors.ch Content Bamert.io GmbH 6340 Baar bamert.io Foto &amp; Video BeLighted Productions 8907 Wettswil am Albis belighted.ch Programmierung Schmucki Agentur f\u00fcr Kommunikation AG 8610 Uster agenturschmucki.ch Haftungsausschluss Der Autor \u00fcbernimmt keinerlei Gew\u00e4hr hinsichtlich der inhaltlichen Richtigkeit, Genauigkeit, [&hellip;]<\/p>\n","protected":false},"author":17,"featured_media":0,"parent":0,"menu_order":81,"comment_status":"closed","ping_status":"closed","template":"page-impressum-datenschutz.php","meta":{"_acf_changed":false,"footnotes":""},"class_list":["post-8","page","type-page","status-publish","hentry"],"acf":[],"yoast_head":"<!-- This site is optimized with the Yoast SEO plugin v25.6 - https:\/\/yoast.com\/wordpress\/plugins\/seo\/ -->\n<title>Impressum | Monopol Colors<\/title>\n<meta name=\"description\" content=\"Die Website wird durch die Monopol AG betrieben. Im Impressum finden Sie die Adresse des Hauptsitzes sowie weitere Kontaktm\u00f6glichkeiten.\" \/>\n<meta name=\"robots\" content=\"noindex, follow, max-snippet:-1, max-image-preview:large, max-video-preview:-1\" \/>\n<meta property=\"og:locale\" content=\"de_DE\" \/>\n<meta property=\"og:type\" content=\"article\" \/>\n<meta property=\"og:title\" content=\"Impressum | Monopol Colors\" \/>\n<meta property=\"og:description\" content=\"Die Website wird durch die Monopol AG betrieben. Im Impressum finden Sie die Adresse des Hauptsitzes sowie weitere Kontaktm\u00f6glichkeiten.\" \/>\n<meta property=\"og:url\" content=\"https:\/\/testing.monopol-colors.ch\/de\/impressum\/\" \/>\n<meta property=\"og:site_name\" content=\"Monopol Colors\" \/>\n<meta property=\"article:modified_time\" content=\"2025-03-13T13:55:23+00:00\" \/>\n<meta name=\"twitter:card\" content=\"summary_large_image\" \/>\n<meta name=\"twitter:label1\" content=\"Gesch\u00e4tzte Lesezeit\" \/>\n\t<meta name=\"twitter:data1\" content=\"2\u00a0Minuten\" \/>\n<script type=\"application\/ld+json\" class=\"yoast-schema-graph\">{\"@context\":\"https:\/\/schema.org\",\"@graph\":[{\"@type\":\"WebPage\",\"@id\":\"https:\/\/testing.monopol-colors.ch\/de\/impressum\/\",\"url\":\"https:\/\/testing.monopol-colors.ch\/de\/impressum\/\",\"name\":\"Impressum | Monopol Colors\",\"isPartOf\":{\"@id\":\"https:\/\/testing.monopol-colors.ch\/de\/#website\"},\"datePublished\":\"2018-07-30T09:28:51+00:00\",\"dateModified\":\"2025-03-13T13:55:23+00:00\",\"description\":\"Die Website wird durch die Monopol AG betrieben. Im Impressum finden Sie die Adresse des Hauptsitzes sowie weitere Kontaktm\u00f6glichkeiten.\",\"breadcrumb\":{\"@id\":\"https:\/\/testing.monopol-colors.ch\/de\/impressum\/#breadcrumb\"},\"inLanguage\":\"de\",\"potentialAction\":[{\"@type\":\"ReadAction\",\"target\":[\"https:\/\/testing.monopol-colors.ch\/de\/impressum\/\"]}]},{\"@type\":\"BreadcrumbList\",\"@id\":\"https:\/\/testing.monopol-colors.ch\/de\/impressum\/#breadcrumb\",\"itemListElement\":[{\"@type\":\"ListItem\",\"position\":1,\"name\":\"Home\",\"item\":\"https:\/\/testing.monopol-colors.ch\/de\/\"},{\"@type\":\"ListItem\",\"position\":2,\"name\":\"Impressum\"}]},{\"@type\":\"WebSite\",\"@id\":\"https:\/\/testing.monopol-colors.ch\/de\/#website\",\"url\":\"https:\/\/testing.monopol-colors.ch\/de\/\",\"name\":\"Monopol Colors\",\"description\":\"\",\"potentialAction\":[{\"@type\":\"SearchAction\",\"target\":{\"@type\":\"EntryPoint\",\"urlTemplate\":\"https:\/\/testing.monopol-colors.ch\/de\/?s={search_term_string}\"},\"query-input\":{\"@type\":\"PropertyValueSpecification\",\"valueRequired\":true,\"valueName\":\"search_term_string\"}}],\"inLanguage\":\"de\"}]}<\/script>\n<!-- \/ Yoast SEO plugin. -->","yoast_head_json":{"title":"Impressum | Monopol Colors","description":"Die Website wird durch die Monopol AG betrieben. Im Impressum finden Sie die Adresse des Hauptsitzes sowie weitere Kontaktm\u00f6glichkeiten.","robots":{"index":"noindex","follow":"follow","max-snippet":"max-snippet:-1","max-image-preview":"max-image-preview:large","max-video-preview":"max-video-preview:-1"},"og_locale":"de_DE","og_type":"article","og_title":"Impressum | Monopol Colors","og_description":"Die Website wird durch die Monopol AG betrieben. Im Impressum finden Sie die Adresse des Hauptsitzes sowie weitere Kontaktm\u00f6glichkeiten.","og_url":"https:\/\/testing.monopol-colors.ch\/de\/impressum\/","og_site_name":"Monopol Colors","article_modified_time":"2025-03-13T13:55:23+00:00","twitter_card":"summary_large_image","twitter_misc":{"Gesch\u00e4tzte Lesezeit":"2\u00a0Minuten"},"schema":{"@context":"https:\/\/schema.org","@graph":[{"@type":"WebPage","@id":"https:\/\/testing.monopol-colors.ch\/de\/impressum\/","url":"https:\/\/testing.monopol-colors.ch\/de\/impressum\/","name":"Impressum | Monopol Colors","isPartOf":{"@id":"https:\/\/testing.monopol-colors.ch\/de\/#website"},"datePublished":"2018-07-30T09:28:51+00:00","dateModified":"2025-03-13T13:55:23+00:00","description":"Die Website wird durch die Monopol AG betrieben. Im Impressum finden Sie die Adresse des Hauptsitzes sowie weitere Kontaktm\u00f6glichkeiten.","breadcrumb":{"@id":"https:\/\/testing.monopol-colors.ch\/de\/impressum\/#breadcrumb"},"inLanguage":"de","potentialAction":[{"@type":"ReadAction","target":["https:\/\/testing.monopol-colors.ch\/de\/impressum\/"]}]},{"@type":"BreadcrumbList","@id":"https:\/\/testing.monopol-colors.ch\/de\/impressum\/#breadcrumb","itemListElement":[{"@type":"ListItem","position":1,"name":"Home","item":"https:\/\/testing.monopol-colors.ch\/de\/"},{"@type":"ListItem","position":2,"name":"Impressum"}]},{"@type":"WebSite","@id":"https:\/\/testing.monopol-colors.ch\/de\/#website","url":"https:\/\/testing.monopol-colors.ch\/de\/","name":"Monopol Colors","description":"","potentialAction":[{"@type":"SearchAction","target":{"@type":"EntryPoint","urlTemplate":"https:\/\/testing.monopol-colors.ch\/de\/?s={search_term_string}"},"query-input":{"@type":"PropertyValueSpecification","valueRequired":true,"valueName":"search_term_string"}}],"inLanguage":"de"}]}},"_links":{"self":[{"href":"https:\/\/testing.monopol-colors.ch\/de\/wp-json\/wp\/v2\/pages\/8","targetHints":{"allow":["GET"]}}],"collection":[{"href":"https:\/\/testing.monopol-colors.ch\/de\/wp-json\/wp\/v2\/pages"}],"about":[{"href":"https:\/\/testing.monopol-colors.ch\/de\/wp-json\/wp\/v2\/types\/page"}],"author":[{"embeddable":true,"href":"https:\/\/testing.monopol-colors.ch\/de\/wp-json\/wp\/v2\/users\/17"}],"replies":[{"embeddable":true,"href":"https:\/\/testing.monopol-colors.ch\/de\/wp-json\/wp\/v2\/comments?post=8"}],"version-history":[{"count":6,"href":"https:\/\/testing.monopol-colors.ch\/de\/wp-json\/wp\/v2\/pages\/8\/revisions"}],"predecessor-version":[{"id":14763,"href":"https:\/\/testing.monopol-colors.ch\/de\/wp-json\/wp\/v2\/pages\/8\/revisions\/14763"}],"wp:attachment":[{"href":"https:\/\/testing.monopol-colors.ch\/de\/wp-json\/wp\/v2\/media?parent=8"}],"curies":[{"name":"wp","href":"https:\/\/api.w.org\/{rel}","templated":true}]}}