{"id":516,"date":"2018-08-29T15:13:36","date_gmt":"2018-08-29T13:13:36","guid":{"rendered":"https:\/\/testing.monopol-colors.ch\/?page_id=516"},"modified":"2024-02-12T12:03:08","modified_gmt":"2024-02-12T10:03:08","slug":"indien","status":"publish","type":"page","link":"https:\/\/testing.monopol-colors.ch\/de\/indien\/","title":{"rendered":"Indien"},"content":{"rendered":"<div class=\"wpb-content-wrapper\"><p>[vc_row el_class=&#8220;white narrow&#8220;][vc_column][vc_column_text]<\/p>\n<h1>Monopol Colors India<\/h1>\n<h2>Produktionsstandort Mumbai<\/h2>\n<p>2009 nahm Monopol Colors in Mumbai die Fabrikation auf. Die indische Tochtergesellschaft ist spezialisiert auf Industrielacke sowie Coil-Coating-Lacke f\u00fcr Anwendungen in Architektur und Bau. Viele der bald 100 Mitarbeitenden sind seit Anfang mit dabei.<\/p>\n<p>Das st\u00e4ndige Wachstum zwang Monopol Colors zum Bau einer neuen Fabrik. Diese wurde 2018 in Patalganga er\u00f6ffnet \u2013\u00a0rund 50 Kilometer von Mumbai entfernt. Dabei orientierte sich Monopol nicht allein an den geologischen und planerischen Begebenheiten, sondern auch an der indischen Architekturlehre Vaastu.<\/p>\n<p>Vaastu basiert auf theoretischen, philosophischen Gedanken und hat zum Ziel, harmonische Bedingungen in Geb\u00e4uden und R\u00e4umen zu schaffen. Geb\u00e4ude sollen demnach in \u00dcbereinstimmung mit der Natur erstellt werden, \u00e4hnlich dem Feng Shui. Ziel: Die Bem\u00fchungen sollen dem wichtigsten Kapital eines Unternehmens zugutekommen: den Mitarbeitenden.[\/vc_column_text]<div class=\"wpb_accordion_column wpb_content_element white small\"><div class=\"wpb_wrapper\"><div class=\"wpb_content_element wpb_accordion_column accordion_simple\"><div class=\"accordions accordions_0\"><div class=\"custom_accordion_item accordion custom_accordion accordion_1_0\"><div class=\"accordion__header\" id=\"accordion_header_1_0\"><div class=\"accordion_trigger js-accordion_trigger\" data-toggle=\"collapse\" \r\n\t\t\t\t\tdata-target=\"#accordion_content_1_0_acc419\" \r\n          aria-expanded=\"false\" aria-controls=\"accordion_content_1_0\"><h3 class=\"accordion-title accordion-title-icon icon--position-left js-accordion-controller\"><div>Kontaktangaben<\/div><\/h3><\/div><\/div><div class=\"accordion__content collapse not-click-to-close\" id=\"accordion_content_1_0_acc419\" aria-labelledby=\"accordion_header_1_0\"><div class=\"inside\"><div class=\"accordion-content\"><div class=\"accordion__inside\"><div class=\"accordion__element\"><div class=\"accordion__element\"><p>Monopol Colors India Pvt. Ltd.<br \/>\nPlot No. N 42, Additional MIDC Patalganga<br \/>\nAt Karade Khurd<br \/>\nTaluka Panvel, District Raigad<br \/>\nMaharashtra &#8211; 410207<br \/>\nIndia<\/p>\n<p>Telefon\u00a0 <a href=\"tel:+91 993 022 36 41\">+91 771 80 98 900<\/a><br \/>\nE-Mail\u00a0\u00a0\u00a0\u00a0<a href=\"mailto:info@monopol-colors.in\">info@monopol-colors.in<\/a><\/p>\n<\/div><!-- Start Accordion Content --><\/div><\/div><\/div><\/div><\/div><\/div><\/div><\/div><\/div><\/div>[\/vc_column][\/vc_row]<\/p>\n<\/div>","protected":false},"excerpt":{"rendered":"<p>[vc_row el_class=&#8220;white narrow&#8220;][vc_column][vc_column_text] Monopol Colors India Produktionsstandort Mumbai 2009 nahm Monopol Colors in Mumbai die Fabrikation auf. Die indische Tochtergesellschaft ist spezialisiert auf Industrielacke sowie Coil-Coating-Lacke f\u00fcr Anwendungen in Architektur und Bau. Viele der bald 100 Mitarbeitenden sind seit Anfang mit dabei. Das st\u00e4ndige Wachstum zwang Monopol Colors zum Bau einer neuen Fabrik. Diese wurde [&hellip;]<\/p>\n","protected":false},"author":17,"featured_media":0,"parent":0,"menu_order":65,"comment_status":"closed","ping_status":"closed","template":"page-headerbild.php","meta":{"_acf_changed":false,"footnotes":""},"class_list":["post-516","page","type-page","status-publish","hentry"],"acf":[],"yoast_head":"<!-- This site is optimized with the Yoast SEO plugin v25.6 - https:\/\/yoast.com\/wordpress\/plugins\/seo\/ -->\n<title>Indien \u2013 Farbe f\u00fcr die Welt | Monopol Colors<\/title>\n<meta name=\"description\" content=\"2009 nahm Monopol Colors in Indien die Fabrikation auf. Die Tochtergesellschaft ist spezialisiert auf Industrielacke sowie Coil-Coating-Lacke.\" \/>\n<meta name=\"robots\" content=\"noindex, follow, max-snippet:-1, max-image-preview:large, max-video-preview:-1\" \/>\n<meta property=\"og:locale\" content=\"de_DE\" \/>\n<meta property=\"og:type\" content=\"article\" \/>\n<meta property=\"og:title\" content=\"Indien \u2013 Farbe f\u00fcr die Welt | Monopol Colors\" \/>\n<meta property=\"og:description\" content=\"2009 nahm Monopol Colors in Indien die Fabrikation auf. Die Tochtergesellschaft ist spezialisiert auf Industrielacke sowie Coil-Coating-Lacke.\" \/>\n<meta property=\"og:url\" content=\"https:\/\/testing.monopol-colors.ch\/de\/indien\/\" \/>\n<meta property=\"og:site_name\" content=\"Monopol Colors\" \/>\n<meta property=\"article:modified_time\" content=\"2024-02-12T10:03:08+00:00\" \/>\n<meta name=\"twitter:card\" content=\"summary_large_image\" \/>\n<meta name=\"twitter:label1\" content=\"Gesch\u00e4tzte Lesezeit\" \/>\n\t<meta name=\"twitter:data1\" content=\"1\u00a0Minute\" \/>\n<script type=\"application\/ld+json\" class=\"yoast-schema-graph\">{\"@context\":\"https:\/\/schema.org\",\"@graph\":[{\"@type\":\"WebPage\",\"@id\":\"https:\/\/testing.monopol-colors.ch\/de\/indien\/\",\"url\":\"https:\/\/testing.monopol-colors.ch\/de\/indien\/\",\"name\":\"Indien \u2013 Farbe f\u00fcr die Welt | Monopol Colors\",\"isPartOf\":{\"@id\":\"https:\/\/testing.monopol-colors.ch\/de\/#website\"},\"datePublished\":\"2018-08-29T13:13:36+00:00\",\"dateModified\":\"2024-02-12T10:03:08+00:00\",\"description\":\"2009 nahm Monopol Colors in Indien die Fabrikation auf. Die Tochtergesellschaft ist spezialisiert auf Industrielacke sowie Coil-Coating-Lacke.\",\"breadcrumb\":{\"@id\":\"https:\/\/testing.monopol-colors.ch\/de\/indien\/#breadcrumb\"},\"inLanguage\":\"de\",\"potentialAction\":[{\"@type\":\"ReadAction\",\"target\":[\"https:\/\/testing.monopol-colors.ch\/de\/indien\/\"]}]},{\"@type\":\"BreadcrumbList\",\"@id\":\"https:\/\/testing.monopol-colors.ch\/de\/indien\/#breadcrumb\",\"itemListElement\":[{\"@type\":\"ListItem\",\"position\":1,\"name\":\"Home\",\"item\":\"https:\/\/testing.monopol-colors.ch\/de\/\"},{\"@type\":\"ListItem\",\"position\":2,\"name\":\"Indien\"}]},{\"@type\":\"WebSite\",\"@id\":\"https:\/\/testing.monopol-colors.ch\/de\/#website\",\"url\":\"https:\/\/testing.monopol-colors.ch\/de\/\",\"name\":\"Monopol Colors\",\"description\":\"\",\"potentialAction\":[{\"@type\":\"SearchAction\",\"target\":{\"@type\":\"EntryPoint\",\"urlTemplate\":\"https:\/\/testing.monopol-colors.ch\/de\/?s={search_term_string}\"},\"query-input\":{\"@type\":\"PropertyValueSpecification\",\"valueRequired\":true,\"valueName\":\"search_term_string\"}}],\"inLanguage\":\"de\"}]}<\/script>\n<!-- \/ Yoast SEO plugin. -->","yoast_head_json":{"title":"Indien \u2013 Farbe f\u00fcr die Welt | Monopol Colors","description":"2009 nahm Monopol Colors in Indien die Fabrikation auf. Die Tochtergesellschaft ist spezialisiert auf Industrielacke sowie Coil-Coating-Lacke.","robots":{"index":"noindex","follow":"follow","max-snippet":"max-snippet:-1","max-image-preview":"max-image-preview:large","max-video-preview":"max-video-preview:-1"},"og_locale":"de_DE","og_type":"article","og_title":"Indien \u2013 Farbe f\u00fcr die Welt | Monopol Colors","og_description":"2009 nahm Monopol Colors in Indien die Fabrikation auf. Die Tochtergesellschaft ist spezialisiert auf Industrielacke sowie Coil-Coating-Lacke.","og_url":"https:\/\/testing.monopol-colors.ch\/de\/indien\/","og_site_name":"Monopol Colors","article_modified_time":"2024-02-12T10:03:08+00:00","twitter_card":"summary_large_image","twitter_misc":{"Gesch\u00e4tzte Lesezeit":"1\u00a0Minute"},"schema":{"@context":"https:\/\/schema.org","@graph":[{"@type":"WebPage","@id":"https:\/\/testing.monopol-colors.ch\/de\/indien\/","url":"https:\/\/testing.monopol-colors.ch\/de\/indien\/","name":"Indien \u2013 Farbe f\u00fcr die Welt | Monopol Colors","isPartOf":{"@id":"https:\/\/testing.monopol-colors.ch\/de\/#website"},"datePublished":"2018-08-29T13:13:36+00:00","dateModified":"2024-02-12T10:03:08+00:00","description":"2009 nahm Monopol Colors in Indien die Fabrikation auf. Die Tochtergesellschaft ist spezialisiert auf Industrielacke sowie Coil-Coating-Lacke.","breadcrumb":{"@id":"https:\/\/testing.monopol-colors.ch\/de\/indien\/#breadcrumb"},"inLanguage":"de","potentialAction":[{"@type":"ReadAction","target":["https:\/\/testing.monopol-colors.ch\/de\/indien\/"]}]},{"@type":"BreadcrumbList","@id":"https:\/\/testing.monopol-colors.ch\/de\/indien\/#breadcrumb","itemListElement":[{"@type":"ListItem","position":1,"name":"Home","item":"https:\/\/testing.monopol-colors.ch\/de\/"},{"@type":"ListItem","position":2,"name":"Indien"}]},{"@type":"WebSite","@id":"https:\/\/testing.monopol-colors.ch\/de\/#website","url":"https:\/\/testing.monopol-colors.ch\/de\/","name":"Monopol Colors","description":"","potentialAction":[{"@type":"SearchAction","target":{"@type":"EntryPoint","urlTemplate":"https:\/\/testing.monopol-colors.ch\/de\/?s={search_term_string}"},"query-input":{"@type":"PropertyValueSpecification","valueRequired":true,"valueName":"search_term_string"}}],"inLanguage":"de"}]}},"_links":{"self":[{"href":"https:\/\/testing.monopol-colors.ch\/de\/wp-json\/wp\/v2\/pages\/516","targetHints":{"allow":["GET"]}}],"collection":[{"href":"https:\/\/testing.monopol-colors.ch\/de\/wp-json\/wp\/v2\/pages"}],"about":[{"href":"https:\/\/testing.monopol-colors.ch\/de\/wp-json\/wp\/v2\/types\/page"}],"author":[{"embeddable":true,"href":"https:\/\/testing.monopol-colors.ch\/de\/wp-json\/wp\/v2\/users\/17"}],"replies":[{"embeddable":true,"href":"https:\/\/testing.monopol-colors.ch\/de\/wp-json\/wp\/v2\/comments?post=516"}],"version-history":[{"count":3,"href":"https:\/\/testing.monopol-colors.ch\/de\/wp-json\/wp\/v2\/pages\/516\/revisions"}],"predecessor-version":[{"id":13931,"href":"https:\/\/testing.monopol-colors.ch\/de\/wp-json\/wp\/v2\/pages\/516\/revisions\/13931"}],"wp:attachment":[{"href":"https:\/\/testing.monopol-colors.ch\/de\/wp-json\/wp\/v2\/media?parent=516"}],"curies":[{"name":"wp","href":"https:\/\/api.w.org\/{rel}","templated":true}]}}