{"id":514,"date":"2018-08-29T15:13:24","date_gmt":"2018-08-29T13:13:24","guid":{"rendered":"https:\/\/testing.monopol-colors.ch\/?page_id=514"},"modified":"2024-02-12T11:59:36","modified_gmt":"2024-02-12T09:59:36","slug":"afrika","status":"publish","type":"page","link":"https:\/\/testing.monopol-colors.ch\/de\/afrika\/","title":{"rendered":"Afrika"},"content":{"rendered":"<div class=\"wpb-content-wrapper\"><p>[vc_row el_class=&#8220;white narrow&#8220;][vc_column][vc_column_text]<\/p>\n<h1>Monopol Colors East Africa<\/h1>\n<h2>Produktionsstandort Nairobi<\/h2>\n<p>Monopol Colors expandierte 2015 nach Afrika. Komplexe politische Umst\u00e4nde und eine andere Wertekultur im Land verz\u00f6gern die Entwicklung. Lionel Schlessinger ist trotz allem \u00fcberzeugt, auf dem richtigen Weg zu sein. Der Schl\u00fcssel zum Erfolg: Frauen in F\u00fchrungspositionen.<\/p>\n<p>\u00abOne Kenya \u2013 one Nation\u00bb war einst der Slogan des ersten Staatspr\u00e4sidenten Kenias. Das war in den sechziger Jahren. Der Traum vom vereinten Land ist auch heute noch keine Realit\u00e4t. Seit der Unabh\u00e4ngigkeit leidet Kenia unter ethnischen Rivalit\u00e4ten. Korruption ist allgegenwertig. Trotzdem ist Kenia die st\u00e4rkste Wirtschaftsnation in Ostafrika und nimmt dadurch eine f\u00fchrende Rolle ein.<\/p>\n<p>Lionel Schlessinger ist sich sicher, dass Afrika der Kontinent der Zukunft sei. Er will von Nairobi aus den ostafrikanischen Markt bedienen: \u00c4thiopien, Uganda, Tansania und Ruanda. Erst k\u00fcrzlich hat Lionel Schlessinger die gesamte Verkaufsmannschaft ausgetauscht. Schlessinger betont: \u00abDie Frauen \u00fcbernehmen Verantwortung. Oft k\u00fcmmern sie sich um die Finanzen des Familienhaushalts\u00bb.<\/p>\n<p>Aber auch in Unternehmen besetzen Frauen wichtige Positionen. So geben neuerdings die Damen Alice Wanjiku Kimani, Daisy Dolly und Sarah Alacky Achieng den Takt im Verkaufsteam von Monopol Colors East Africa an. So soll die Vision, das Kompetenzzentrum f\u00fcr Farben zu werden, auch in Afrika Realit\u00e4t werden.[\/vc_column_text]<div class=\"wpb_accordion_column wpb_content_element white small\"><div class=\"wpb_wrapper\"><div class=\"wpb_content_element wpb_accordion_column accordion_simple\"><div class=\"accordions accordions_0\"><div class=\"custom_accordion_item accordion custom_accordion accordion_1_0\"><div class=\"accordion__header\" id=\"accordion_header_1_0\"><div class=\"accordion_trigger js-accordion_trigger\" data-toggle=\"collapse\" \r\n\t\t\t\t\tdata-target=\"#accordion_content_1_0_acc642\" \r\n          aria-expanded=\"false\" aria-controls=\"accordion_content_1_0\"><h3 class=\"accordion-title accordion-title-icon icon--position-left js-accordion-controller\"><div>Kontaktangaben<\/div><\/h3><\/div><\/div><div class=\"accordion__content collapse not-click-to-close\" id=\"accordion_content_1_0_acc642\" aria-labelledby=\"accordion_header_1_0\"><div class=\"inside\"><div class=\"accordion-content\"><div class=\"accordion__inside\"><div class=\"accordion__element\"><div class=\"accordion__element\"><p>Monopol Colors East Africa Ltd.<br \/>\nP.O. Box 24190-00100<br \/>\nBldg 7, Baricho Road<br \/>\nNairobi,\u00a0Kenya<\/p>\n<p>Telefon <a href=\"tel: +254 790 307 555\">+254 790 307 555<\/a><br \/>\n<a href=\"mailto:info@mcea.co.ke\">info@mcea.co.ke<\/a><\/p>\n<\/div><!-- Start Accordion Content --><\/div><\/div><\/div><\/div><\/div><\/div><\/div><\/div><\/div><\/div>[\/vc_column][\/vc_row]<\/p>\n<\/div>","protected":false},"excerpt":{"rendered":"<p>[vc_row el_class=&#8220;white narrow&#8220;][vc_column][vc_column_text] Monopol Colors East Africa Produktionsstandort Nairobi Monopol Colors expandierte 2015 nach Afrika. Komplexe politische Umst\u00e4nde und eine andere Wertekultur im Land verz\u00f6gern die Entwicklung. Lionel Schlessinger ist trotz allem \u00fcberzeugt, auf dem richtigen Weg zu sein. Der Schl\u00fcssel zum Erfolg: Frauen in F\u00fchrungspositionen. \u00abOne Kenya \u2013 one Nation\u00bb war einst der Slogan [&hellip;]<\/p>\n","protected":false},"author":17,"featured_media":0,"parent":0,"menu_order":62,"comment_status":"closed","ping_status":"closed","template":"page-headerbild.php","meta":{"_acf_changed":false,"footnotes":""},"class_list":["post-514","page","type-page","status-publish","hentry"],"acf":[],"yoast_head":"<!-- This site is optimized with the Yoast SEO plugin v25.6 - https:\/\/yoast.com\/wordpress\/plugins\/seo\/ -->\n<title>Afrika \u2013 Farbe f\u00fcr die Welt | Monopol Colors<\/title>\n<meta name=\"description\" content=\"Monopol Colors expandierte 2015 nach Afrika. Der Produktionsstandort befindet sich in Nairobi. Von da aus bedient Monopol Colors den ostafrikanischen Markt.\" \/>\n<meta name=\"robots\" content=\"noindex, follow, max-snippet:-1, max-image-preview:large, max-video-preview:-1\" \/>\n<meta property=\"og:locale\" content=\"de_DE\" \/>\n<meta property=\"og:type\" content=\"article\" \/>\n<meta property=\"og:title\" content=\"Afrika \u2013 Farbe f\u00fcr die Welt | Monopol Colors\" \/>\n<meta property=\"og:description\" content=\"Monopol Colors expandierte 2015 nach Afrika. Der Produktionsstandort befindet sich in Nairobi. Von da aus bedient Monopol Colors den ostafrikanischen Markt.\" \/>\n<meta property=\"og:url\" content=\"https:\/\/testing.monopol-colors.ch\/de\/afrika\/\" \/>\n<meta property=\"og:site_name\" content=\"Monopol Colors\" \/>\n<meta property=\"article:modified_time\" content=\"2024-02-12T09:59:36+00:00\" \/>\n<meta name=\"twitter:card\" content=\"summary_large_image\" \/>\n<meta name=\"twitter:label1\" content=\"Gesch\u00e4tzte Lesezeit\" \/>\n\t<meta name=\"twitter:data1\" content=\"2\u00a0Minuten\" \/>\n<script type=\"application\/ld+json\" class=\"yoast-schema-graph\">{\"@context\":\"https:\/\/schema.org\",\"@graph\":[{\"@type\":\"WebPage\",\"@id\":\"https:\/\/testing.monopol-colors.ch\/de\/afrika\/\",\"url\":\"https:\/\/testing.monopol-colors.ch\/de\/afrika\/\",\"name\":\"Afrika \u2013 Farbe f\u00fcr die Welt | Monopol Colors\",\"isPartOf\":{\"@id\":\"https:\/\/testing.monopol-colors.ch\/de\/#website\"},\"datePublished\":\"2018-08-29T13:13:24+00:00\",\"dateModified\":\"2024-02-12T09:59:36+00:00\",\"description\":\"Monopol Colors expandierte 2015 nach Afrika. Der Produktionsstandort befindet sich in Nairobi. Von da aus bedient Monopol Colors den ostafrikanischen Markt.\",\"breadcrumb\":{\"@id\":\"https:\/\/testing.monopol-colors.ch\/de\/afrika\/#breadcrumb\"},\"inLanguage\":\"de\",\"potentialAction\":[{\"@type\":\"ReadAction\",\"target\":[\"https:\/\/testing.monopol-colors.ch\/de\/afrika\/\"]}]},{\"@type\":\"BreadcrumbList\",\"@id\":\"https:\/\/testing.monopol-colors.ch\/de\/afrika\/#breadcrumb\",\"itemListElement\":[{\"@type\":\"ListItem\",\"position\":1,\"name\":\"Home\",\"item\":\"https:\/\/testing.monopol-colors.ch\/de\/\"},{\"@type\":\"ListItem\",\"position\":2,\"name\":\"Afrika\"}]},{\"@type\":\"WebSite\",\"@id\":\"https:\/\/testing.monopol-colors.ch\/de\/#website\",\"url\":\"https:\/\/testing.monopol-colors.ch\/de\/\",\"name\":\"Monopol Colors\",\"description\":\"\",\"potentialAction\":[{\"@type\":\"SearchAction\",\"target\":{\"@type\":\"EntryPoint\",\"urlTemplate\":\"https:\/\/testing.monopol-colors.ch\/de\/?s={search_term_string}\"},\"query-input\":{\"@type\":\"PropertyValueSpecification\",\"valueRequired\":true,\"valueName\":\"search_term_string\"}}],\"inLanguage\":\"de\"}]}<\/script>\n<!-- \/ Yoast SEO plugin. -->","yoast_head_json":{"title":"Afrika \u2013 Farbe f\u00fcr die Welt | Monopol Colors","description":"Monopol Colors expandierte 2015 nach Afrika. Der Produktionsstandort befindet sich in Nairobi. Von da aus bedient Monopol Colors den ostafrikanischen Markt.","robots":{"index":"noindex","follow":"follow","max-snippet":"max-snippet:-1","max-image-preview":"max-image-preview:large","max-video-preview":"max-video-preview:-1"},"og_locale":"de_DE","og_type":"article","og_title":"Afrika \u2013 Farbe f\u00fcr die Welt | Monopol Colors","og_description":"Monopol Colors expandierte 2015 nach Afrika. Der Produktionsstandort befindet sich in Nairobi. Von da aus bedient Monopol Colors den ostafrikanischen Markt.","og_url":"https:\/\/testing.monopol-colors.ch\/de\/afrika\/","og_site_name":"Monopol Colors","article_modified_time":"2024-02-12T09:59:36+00:00","twitter_card":"summary_large_image","twitter_misc":{"Gesch\u00e4tzte Lesezeit":"2\u00a0Minuten"},"schema":{"@context":"https:\/\/schema.org","@graph":[{"@type":"WebPage","@id":"https:\/\/testing.monopol-colors.ch\/de\/afrika\/","url":"https:\/\/testing.monopol-colors.ch\/de\/afrika\/","name":"Afrika \u2013 Farbe f\u00fcr die Welt | Monopol Colors","isPartOf":{"@id":"https:\/\/testing.monopol-colors.ch\/de\/#website"},"datePublished":"2018-08-29T13:13:24+00:00","dateModified":"2024-02-12T09:59:36+00:00","description":"Monopol Colors expandierte 2015 nach Afrika. Der Produktionsstandort befindet sich in Nairobi. Von da aus bedient Monopol Colors den ostafrikanischen Markt.","breadcrumb":{"@id":"https:\/\/testing.monopol-colors.ch\/de\/afrika\/#breadcrumb"},"inLanguage":"de","potentialAction":[{"@type":"ReadAction","target":["https:\/\/testing.monopol-colors.ch\/de\/afrika\/"]}]},{"@type":"BreadcrumbList","@id":"https:\/\/testing.monopol-colors.ch\/de\/afrika\/#breadcrumb","itemListElement":[{"@type":"ListItem","position":1,"name":"Home","item":"https:\/\/testing.monopol-colors.ch\/de\/"},{"@type":"ListItem","position":2,"name":"Afrika"}]},{"@type":"WebSite","@id":"https:\/\/testing.monopol-colors.ch\/de\/#website","url":"https:\/\/testing.monopol-colors.ch\/de\/","name":"Monopol Colors","description":"","potentialAction":[{"@type":"SearchAction","target":{"@type":"EntryPoint","urlTemplate":"https:\/\/testing.monopol-colors.ch\/de\/?s={search_term_string}"},"query-input":{"@type":"PropertyValueSpecification","valueRequired":true,"valueName":"search_term_string"}}],"inLanguage":"de"}]}},"_links":{"self":[{"href":"https:\/\/testing.monopol-colors.ch\/de\/wp-json\/wp\/v2\/pages\/514","targetHints":{"allow":["GET"]}}],"collection":[{"href":"https:\/\/testing.monopol-colors.ch\/de\/wp-json\/wp\/v2\/pages"}],"about":[{"href":"https:\/\/testing.monopol-colors.ch\/de\/wp-json\/wp\/v2\/types\/page"}],"author":[{"embeddable":true,"href":"https:\/\/testing.monopol-colors.ch\/de\/wp-json\/wp\/v2\/users\/17"}],"replies":[{"embeddable":true,"href":"https:\/\/testing.monopol-colors.ch\/de\/wp-json\/wp\/v2\/comments?post=514"}],"version-history":[{"count":2,"href":"https:\/\/testing.monopol-colors.ch\/de\/wp-json\/wp\/v2\/pages\/514\/revisions"}],"predecessor-version":[{"id":13925,"href":"https:\/\/testing.monopol-colors.ch\/de\/wp-json\/wp\/v2\/pages\/514\/revisions\/13925"}],"wp:attachment":[{"href":"https:\/\/testing.monopol-colors.ch\/de\/wp-json\/wp\/v2\/media?parent=514"}],"curies":[{"name":"wp","href":"https:\/\/api.w.org\/{rel}","templated":true}]}}