{"id":510,"date":"2018-08-29T15:12:53","date_gmt":"2018-08-29T13:12:53","guid":{"rendered":"https:\/\/testing.monopol-colors.ch\/?page_id=510"},"modified":"2023-05-10T17:10:52","modified_gmt":"2023-05-10T15:10:52","slug":"kompetenzen","status":"publish","type":"page","link":"https:\/\/testing.monopol-colors.ch\/de\/kompetenzen\/","title":{"rendered":"Kompetenzen"},"content":{"rendered":"<div class=\"wpb-content-wrapper\"><p>[vc_row el_class=&#8220;white narrow&#8220;][vc_column][vc_column_text]<\/p>\n<h1>Kompetenzzentrum f\u00fcr Farben<\/h1>\n<h2>Unsere Vision verpflichtet<\/h2>\n<p>Wir verbessern uns, indem wir uns hinterfragen: Was k\u00f6nnen wir wirklich gut? Und was haben unsere Kunden und deren Kunden eigentlich davon? So finden wir heraus, was das Besondere ist an unserem Unternehmen, zum Beispiel das Color Lab, das Spielzimmer f\u00fcr Architekten und Gestalter, oder unsere unschlagbare Geschwindigkeit: heute bis 10 Uhr bestellt, morgen schon geliefert, in ganz Mitteleuropa.\u00a0 Hier lernen Sie unserer f\u00fcnf Kompetenzen genauer kennen:<\/p>\n<ul>\n<li><a href=\"https:\/\/testing.monopol-colors.ch\/de\/kompetenz\/colordesign\/\">Color Design<\/a><\/li>\n<li><a href=\"https:\/\/testing.monopol-colors.ch\/de\/kompetenz\/farben-on-demand\/\">Farben on demand<\/a><\/li>\n<li><a href=\"https:\/\/testing.monopol-colors.ch\/de\/kompetenz\/fluorpolymertechnologie\/\">Fluorpolymertechnologie<\/a><\/li>\n<li><a href=\"https:\/\/testing.monopol-colors.ch\/de\/kompetenz\/korrosionsschutz-iso-12944\/\">Korrosionsschutz<\/a><\/li>\n<li><a href=\"https:\/\/testing.monopol-colors.ch\/de\/kompetenz\/fassadenrennovierung\/\">Fassadenrenovierung<\/a><\/li>\n<\/ul>\n<p>[\/vc_column_text][\/vc_column][\/vc_row][vc_row full_width=&#8220;stretch_row_content_no_spaces&#8220; el_class=&#8220;white&#8220;][vc_column]<div class=\"wpb_kompetenz_column wpb_content_element all-container white\"><div class=\"wpb_wrapper\"><div class=\"inside\"><h3>Alle Kompetenzen<\/h3><div class=\"owl-carousel owl-theme\"><div class=\"kompetenz-single single item ytvideo\"><a class=\"full\" href=\"https:\/\/testing.monopol-colors.ch\/de\/kompetenz\/farben-on-demand\/\"><\/a><div class=\"media-container\"><div class=\"video-container youtube\"><iframe width=\"560\" height=\"315\" \n                          frameborder=\"0\" allow=\"autoplay; encrypted-media\" allowfullscreen=\"\" \n                          data-src=\"https:\/\/www.youtube.com\/embed\/IMMS3WgBzhM?rel=0&showinfo=0&controls=0&autoplay=1&loop=1&mute=1\" class=\"lazycarousel\"><\/iframe><\/div><div class=\"single-overlay\"><p>Heute bis zehn Uhr bestellt, morgen schon geliefert. <\/p><\/div><\/div><p>Farben on demand<\/p><\/div><div class=\"kompetenz-single single item ytvideo\"><a class=\"full\" href=\"https:\/\/testing.monopol-colors.ch\/de\/kompetenz\/colordesign\/\"><\/a><div class=\"media-container\"><div class=\"video-container youtube\"><iframe width=\"560\" height=\"315\" \n                          frameborder=\"0\" allow=\"autoplay; encrypted-media\" allowfullscreen=\"\" \n                          data-src=\"https:\/\/www.youtube.com\/embed\/un3wLuUkf_8?rel=0&showinfo=0&controls=0&autoplay=1&loop=1&mute=1\" class=\"lazycarousel\"><\/iframe><\/div><div class=\"single-overlay\"><p>Im neuen Farblabor von Monopol Colors mischen Sie selbst Pigmente, Pasten und Pulver. Unsere Farbdesigner und Techniker unterst\u00fctzen Sie dabei. So lange, bis Ihre ganz pers\u00f6nliche Wunschfarbe vor Ihnen liegt. <\/p><\/div><\/div><p>Color Design<\/p><\/div><div class=\"kompetenz-single single item img\"><a class=\"full\" href=\"https:\/\/testing.monopol-colors.ch\/de\/kompetenz\/korrosionsschutz-iso-12944\/\"><\/a><div class=\"media-container\"><img decoding=\"async\" data-src2=\"https:\/\/testing.monopol-colors.ch\/wp-content\/uploads\/Korrosionsschutz-ISO-1294-250x250.jpg\" src=\"data:image\/gif;base64,R0lGODlhAQABAIAAAP\/\/\/wAAACH5BAEAAAAALAAAAAABAAEAAAICRAEAOw==\" alt=\"Korrosionsschutz\"><div class=\"single-overlay\"><p>Maximaler Schutz bei minimaler Schichtdicke: Unsere Beschichtungssysteme sind auf Sicherheit und Wirtschaftlichkeit ausgelegt.<\/p><\/div><\/div><p>Korrosionsschutz<\/p><\/div><div class=\"kompetenz-single single item ytvideo\"><a class=\"full\" href=\"https:\/\/testing.monopol-colors.ch\/de\/kompetenz\/fluorpolymertechnologie\/\"><\/a><div class=\"media-container\"><div class=\"video-container youtube\"><iframe width=\"560\" height=\"315\" \n                          frameborder=\"0\" allow=\"autoplay; encrypted-media\" allowfullscreen=\"\" \n                          data-src=\"https:\/\/www.youtube.com\/embed\/pT_KszGkA7g?rel=0&showinfo=0&controls=0&autoplay=1&loop=1&mute=1\" class=\"lazycarousel\"><\/iframe><\/div><div class=\"single-overlay\"><p>Regentropfen auf einem Lotusblatt \u2013 das Wasser perlt ab. Ein Spiegelei in der Pfanne \u2013 ohne zu haften rutscht es von der Teflonschicht. Genau so funktionieren unsere Lumiflon-Fluorpolymerbeschichtungen: Sie stossen Wasser ab, Schmutzpartikel haftet nicht, Moos und Flechten finden keinen Halt.<\/p><\/div><\/div><p>Fluorpolymertechnologie<\/p><\/div><div class=\"kompetenz-single single item img\"><a class=\"full\" href=\"https:\/\/testing.monopol-colors.ch\/de\/kompetenz\/fassadenrennovierung\/\"><\/a><div class=\"media-container\"><img decoding=\"async\" data-src2=\"https:\/\/testing.monopol-colors.ch\/wp-content\/uploads\/quadrat_fassadenrenovierung-250x250.jpg\" src=\"data:image\/gif;base64,R0lGODlhAQABAIAAAP\/\/\/wAAACH5BAEAAAAALAAAAAABAAEAAAICRAEAOw==\" alt=\"Fassadenrenovierung Qualiprotec\"><div class=\"single-overlay\"><p>Natur und Zivilisation hinterlassen Spuren: Viele Metallfassaden sind verwittert, bewachsen und ausgekreidet \u2013 kein sch\u00f6ner Anblick. <\/p><\/div><\/div><p>Fassadenrenovierung Qualiprotec<\/p><\/div><\/div><\/div><\/div><\/div>[\/vc_column][\/vc_row]<\/p>\n<\/div>","protected":false},"excerpt":{"rendered":"<p>[vc_row el_class=&#8220;white narrow&#8220;][vc_column][vc_column_text] Kompetenzzentrum f\u00fcr Farben Unsere Vision verpflichtet Wir verbessern uns, indem wir uns hinterfragen: Was k\u00f6nnen wir wirklich gut? Und was haben unsere Kunden und deren Kunden eigentlich davon? So finden wir heraus, was das Besondere ist an unserem Unternehmen, zum Beispiel das Color Lab, das Spielzimmer f\u00fcr Architekten und Gestalter, oder unsere [&hellip;]<\/p>\n","protected":false},"author":17,"featured_media":0,"parent":0,"menu_order":22,"comment_status":"closed","ping_status":"closed","template":"page-headerbild.php","meta":{"_acf_changed":false,"footnotes":""},"class_list":["post-510","page","type-page","status-publish","hentry"],"acf":[],"yoast_head":"<!-- This site is optimized with the Yoast SEO plugin v25.6 - https:\/\/yoast.com\/wordpress\/plugins\/seo\/ -->\n<title>Kompetenzen \u2013 Kompetenzzentrum f\u00fcr Farben | Monopol Colors<\/title>\n<meta name=\"description\" content=\"Monopol ist das Kompetenzzentrum f\u00fcr Farben. Diese Vision verpflichtet. Hier lernen Sie unserer f\u00fcnf Kompetenzen genauer kennen.\" \/>\n<meta name=\"robots\" content=\"noindex, follow, max-snippet:-1, max-image-preview:large, max-video-preview:-1\" \/>\n<meta property=\"og:locale\" content=\"de_DE\" \/>\n<meta property=\"og:type\" content=\"article\" \/>\n<meta property=\"og:title\" content=\"Kompetenzen \u2013 Kompetenzzentrum f\u00fcr Farben | Monopol Colors\" \/>\n<meta property=\"og:description\" content=\"Monopol ist das Kompetenzzentrum f\u00fcr Farben. Diese Vision verpflichtet. Hier lernen Sie unserer f\u00fcnf Kompetenzen genauer kennen.\" \/>\n<meta property=\"og:url\" content=\"https:\/\/testing.monopol-colors.ch\/de\/kompetenzen\/\" \/>\n<meta property=\"og:site_name\" content=\"Monopol Colors\" \/>\n<meta property=\"article:modified_time\" content=\"2023-05-10T15:10:52+00:00\" \/>\n<meta name=\"twitter:card\" content=\"summary_large_image\" \/>\n<meta name=\"twitter:label1\" content=\"Gesch\u00e4tzte Lesezeit\" \/>\n\t<meta name=\"twitter:data1\" content=\"1\u00a0Minute\" \/>\n<script type=\"application\/ld+json\" class=\"yoast-schema-graph\">{\"@context\":\"https:\/\/schema.org\",\"@graph\":[{\"@type\":\"WebPage\",\"@id\":\"https:\/\/testing.monopol-colors.ch\/de\/kompetenzen\/\",\"url\":\"https:\/\/testing.monopol-colors.ch\/de\/kompetenzen\/\",\"name\":\"Kompetenzen \u2013 Kompetenzzentrum f\u00fcr Farben | Monopol Colors\",\"isPartOf\":{\"@id\":\"https:\/\/testing.monopol-colors.ch\/de\/#website\"},\"datePublished\":\"2018-08-29T13:12:53+00:00\",\"dateModified\":\"2023-05-10T15:10:52+00:00\",\"description\":\"Monopol ist das Kompetenzzentrum f\u00fcr Farben. Diese Vision verpflichtet. Hier lernen Sie unserer f\u00fcnf Kompetenzen genauer kennen.\",\"breadcrumb\":{\"@id\":\"https:\/\/testing.monopol-colors.ch\/de\/kompetenzen\/#breadcrumb\"},\"inLanguage\":\"de\",\"potentialAction\":[{\"@type\":\"ReadAction\",\"target\":[\"https:\/\/testing.monopol-colors.ch\/de\/kompetenzen\/\"]}]},{\"@type\":\"BreadcrumbList\",\"@id\":\"https:\/\/testing.monopol-colors.ch\/de\/kompetenzen\/#breadcrumb\",\"itemListElement\":[{\"@type\":\"ListItem\",\"position\":1,\"name\":\"Home\",\"item\":\"https:\/\/testing.monopol-colors.ch\/de\/\"},{\"@type\":\"ListItem\",\"position\":2,\"name\":\"Kompetenzen\"}]},{\"@type\":\"WebSite\",\"@id\":\"https:\/\/testing.monopol-colors.ch\/de\/#website\",\"url\":\"https:\/\/testing.monopol-colors.ch\/de\/\",\"name\":\"Monopol Colors\",\"description\":\"\",\"potentialAction\":[{\"@type\":\"SearchAction\",\"target\":{\"@type\":\"EntryPoint\",\"urlTemplate\":\"https:\/\/testing.monopol-colors.ch\/de\/?s={search_term_string}\"},\"query-input\":{\"@type\":\"PropertyValueSpecification\",\"valueRequired\":true,\"valueName\":\"search_term_string\"}}],\"inLanguage\":\"de\"}]}<\/script>\n<!-- \/ Yoast SEO plugin. -->","yoast_head_json":{"title":"Kompetenzen \u2013 Kompetenzzentrum f\u00fcr Farben | Monopol Colors","description":"Monopol ist das Kompetenzzentrum f\u00fcr Farben. Diese Vision verpflichtet. Hier lernen Sie unserer f\u00fcnf Kompetenzen genauer kennen.","robots":{"index":"noindex","follow":"follow","max-snippet":"max-snippet:-1","max-image-preview":"max-image-preview:large","max-video-preview":"max-video-preview:-1"},"og_locale":"de_DE","og_type":"article","og_title":"Kompetenzen \u2013 Kompetenzzentrum f\u00fcr Farben | Monopol Colors","og_description":"Monopol ist das Kompetenzzentrum f\u00fcr Farben. Diese Vision verpflichtet. Hier lernen Sie unserer f\u00fcnf Kompetenzen genauer kennen.","og_url":"https:\/\/testing.monopol-colors.ch\/de\/kompetenzen\/","og_site_name":"Monopol Colors","article_modified_time":"2023-05-10T15:10:52+00:00","twitter_card":"summary_large_image","twitter_misc":{"Gesch\u00e4tzte Lesezeit":"1\u00a0Minute"},"schema":{"@context":"https:\/\/schema.org","@graph":[{"@type":"WebPage","@id":"https:\/\/testing.monopol-colors.ch\/de\/kompetenzen\/","url":"https:\/\/testing.monopol-colors.ch\/de\/kompetenzen\/","name":"Kompetenzen \u2013 Kompetenzzentrum f\u00fcr Farben | Monopol Colors","isPartOf":{"@id":"https:\/\/testing.monopol-colors.ch\/de\/#website"},"datePublished":"2018-08-29T13:12:53+00:00","dateModified":"2023-05-10T15:10:52+00:00","description":"Monopol ist das Kompetenzzentrum f\u00fcr Farben. Diese Vision verpflichtet. Hier lernen Sie unserer f\u00fcnf Kompetenzen genauer kennen.","breadcrumb":{"@id":"https:\/\/testing.monopol-colors.ch\/de\/kompetenzen\/#breadcrumb"},"inLanguage":"de","potentialAction":[{"@type":"ReadAction","target":["https:\/\/testing.monopol-colors.ch\/de\/kompetenzen\/"]}]},{"@type":"BreadcrumbList","@id":"https:\/\/testing.monopol-colors.ch\/de\/kompetenzen\/#breadcrumb","itemListElement":[{"@type":"ListItem","position":1,"name":"Home","item":"https:\/\/testing.monopol-colors.ch\/de\/"},{"@type":"ListItem","position":2,"name":"Kompetenzen"}]},{"@type":"WebSite","@id":"https:\/\/testing.monopol-colors.ch\/de\/#website","url":"https:\/\/testing.monopol-colors.ch\/de\/","name":"Monopol Colors","description":"","potentialAction":[{"@type":"SearchAction","target":{"@type":"EntryPoint","urlTemplate":"https:\/\/testing.monopol-colors.ch\/de\/?s={search_term_string}"},"query-input":{"@type":"PropertyValueSpecification","valueRequired":true,"valueName":"search_term_string"}}],"inLanguage":"de"}]}},"_links":{"self":[{"href":"https:\/\/testing.monopol-colors.ch\/de\/wp-json\/wp\/v2\/pages\/510","targetHints":{"allow":["GET"]}}],"collection":[{"href":"https:\/\/testing.monopol-colors.ch\/de\/wp-json\/wp\/v2\/pages"}],"about":[{"href":"https:\/\/testing.monopol-colors.ch\/de\/wp-json\/wp\/v2\/types\/page"}],"author":[{"embeddable":true,"href":"https:\/\/testing.monopol-colors.ch\/de\/wp-json\/wp\/v2\/users\/17"}],"replies":[{"embeddable":true,"href":"https:\/\/testing.monopol-colors.ch\/de\/wp-json\/wp\/v2\/comments?post=510"}],"version-history":[{"count":5,"href":"https:\/\/testing.monopol-colors.ch\/de\/wp-json\/wp\/v2\/pages\/510\/revisions"}],"predecessor-version":[{"id":13394,"href":"https:\/\/testing.monopol-colors.ch\/de\/wp-json\/wp\/v2\/pages\/510\/revisions\/13394"}],"wp:attachment":[{"href":"https:\/\/testing.monopol-colors.ch\/de\/wp-json\/wp\/v2\/media?parent=510"}],"curies":[{"name":"wp","href":"https:\/\/api.w.org\/{rel}","templated":true}]}}