{"id":502,"date":"2018-08-29T14:44:03","date_gmt":"2018-08-29T12:44:03","guid":{"rendered":"https:\/\/testing.monopol-colors.ch\/?page_id=502"},"modified":"2019-05-10T12:00:08","modified_gmt":"2019-05-10T10:00:08","slug":"produkte","status":"publish","type":"page","link":"https:\/\/testing.monopol-colors.ch\/de\/produkte\/","title":{"rendered":"Produkte"},"content":{"rendered":"<div class=\"wpb-content-wrapper\"><p>[vc_row el_class=&#8220;narrow white teasermargin&#8220;][vc_column][vc_column_text]<\/p>\n<h1>Wegweisenden Produkte<\/h1>\n<h2>32&#8217;000 Farben im System f\u00fcr Architektur, Bau und Industrie<\/h2>\n<p>Unsere Fassadenfarben, Korrosionsschutzsysteme und Industrielacke finden weltweit Anwendung in Architektur, Bau und Industrie. Spezialit\u00e4t ist die hauseigenen Lumiflon-Fluorpolymerbeschichtungen f\u00fcr Metallfassaden, optimiert f\u00fcr die Bandbeschichtung und die Spritzapplikation. Neben der Erstbeschichtung k\u00fcmmern wir uns auch um die Reinigung und Renovierung von Metallfassaden, zusammen mit sorgf\u00e4ltig ausgew\u00e4hlten Applikationspartnern. Unsere auf industriell genutzte Kunststoffe abgestimmten Spezialfarben machen Haushalts- und Medizinalger\u00e4te sowie Zubeh\u00f6rteile chemikalienresistent, schlag- und abriebfest sowie widerstandsf\u00e4hig gegen Wind und Wetter. F\u00fcr all unsere Farben und Lacke gilt: Sie sind reproduzierbar, applikationssicher, umweltfreundlich.[\/vc_column_text][\/vc_column][\/vc_row]<\/p>\n<\/div>","protected":false},"excerpt":{"rendered":"<p>[vc_row el_class=&#8220;narrow white teasermargin&#8220;][vc_column][vc_column_text] Wegweisenden Produkte 32&#8217;000 Farben im System f\u00fcr Architektur, Bau und Industrie Unsere Fassadenfarben, Korrosionsschutzsysteme und Industrielacke finden weltweit Anwendung in Architektur, Bau und Industrie. Spezialit\u00e4t ist die hauseigenen Lumiflon-Fluorpolymerbeschichtungen f\u00fcr Metallfassaden, optimiert f\u00fcr die Bandbeschichtung und die Spritzapplikation. Neben der Erstbeschichtung k\u00fcmmern wir uns auch um die Reinigung und Renovierung von [&hellip;]<\/p>\n","protected":false},"author":17,"featured_media":0,"parent":0,"menu_order":14,"comment_status":"closed","ping_status":"closed","template":"","meta":{"_acf_changed":false,"footnotes":""},"class_list":["post-502","page","type-page","status-publish","hentry"],"acf":[],"yoast_head":"<!-- This site is optimized with the Yoast SEO plugin v25.6 - https:\/\/yoast.com\/wordpress\/plugins\/seo\/ -->\n<title>32&#039;000 Farben im System\u00a0\u2013 Alle wegweisenden Produkte | Monopol Colors<\/title>\n<meta name=\"description\" content=\"Wegweisende Produkte wie unsere Fassadenfarben, Korrosionsschutzsysteme und Industrielacke finden Anwendung in Architektur, Bau und Industrie.\" \/>\n<meta name=\"robots\" content=\"noindex, follow, max-snippet:-1, max-image-preview:large, max-video-preview:-1\" \/>\n<meta property=\"og:locale\" content=\"de_DE\" \/>\n<meta property=\"og:type\" content=\"article\" \/>\n<meta property=\"og:title\" content=\"32&#039;000 Farben im System\u00a0\u2013 Alle wegweisenden Produkte | Monopol Colors\" \/>\n<meta property=\"og:description\" content=\"Wegweisende Produkte wie unsere Fassadenfarben, Korrosionsschutzsysteme und Industrielacke finden Anwendung in Architektur, Bau und Industrie.\" \/>\n<meta property=\"og:url\" content=\"https:\/\/testing.monopol-colors.ch\/de\/produkte\/\" \/>\n<meta property=\"og:site_name\" content=\"Monopol Colors\" \/>\n<meta property=\"article:modified_time\" content=\"2019-05-10T10:00:08+00:00\" \/>\n<meta name=\"twitter:card\" content=\"summary_large_image\" \/>\n<meta name=\"twitter:label1\" content=\"Gesch\u00e4tzte Lesezeit\" \/>\n\t<meta name=\"twitter:data1\" content=\"1\u00a0Minute\" \/>\n<script type=\"application\/ld+json\" class=\"yoast-schema-graph\">{\"@context\":\"https:\/\/schema.org\",\"@graph\":[{\"@type\":\"WebPage\",\"@id\":\"https:\/\/testing.monopol-colors.ch\/de\/produkte\/\",\"url\":\"https:\/\/testing.monopol-colors.ch\/de\/produkte\/\",\"name\":\"32'000 Farben im System\u00a0\u2013 Alle wegweisenden Produkte | Monopol Colors\",\"isPartOf\":{\"@id\":\"https:\/\/testing.monopol-colors.ch\/de\/#website\"},\"datePublished\":\"2018-08-29T12:44:03+00:00\",\"dateModified\":\"2019-05-10T10:00:08+00:00\",\"description\":\"Wegweisende Produkte wie unsere Fassadenfarben, Korrosionsschutzsysteme und Industrielacke finden Anwendung in Architektur, Bau und Industrie.\",\"breadcrumb\":{\"@id\":\"https:\/\/testing.monopol-colors.ch\/de\/produkte\/#breadcrumb\"},\"inLanguage\":\"de\",\"potentialAction\":[{\"@type\":\"ReadAction\",\"target\":[\"https:\/\/testing.monopol-colors.ch\/de\/produkte\/\"]}]},{\"@type\":\"BreadcrumbList\",\"@id\":\"https:\/\/testing.monopol-colors.ch\/de\/produkte\/#breadcrumb\",\"itemListElement\":[{\"@type\":\"ListItem\",\"position\":1,\"name\":\"Home\",\"item\":\"https:\/\/testing.monopol-colors.ch\/de\/\"},{\"@type\":\"ListItem\",\"position\":2,\"name\":\"Produkte\"}]},{\"@type\":\"WebSite\",\"@id\":\"https:\/\/testing.monopol-colors.ch\/de\/#website\",\"url\":\"https:\/\/testing.monopol-colors.ch\/de\/\",\"name\":\"Monopol Colors\",\"description\":\"\",\"potentialAction\":[{\"@type\":\"SearchAction\",\"target\":{\"@type\":\"EntryPoint\",\"urlTemplate\":\"https:\/\/testing.monopol-colors.ch\/de\/?s={search_term_string}\"},\"query-input\":{\"@type\":\"PropertyValueSpecification\",\"valueRequired\":true,\"valueName\":\"search_term_string\"}}],\"inLanguage\":\"de\"}]}<\/script>\n<!-- \/ Yoast SEO plugin. -->","yoast_head_json":{"title":"32'000 Farben im System\u00a0\u2013 Alle wegweisenden Produkte | Monopol Colors","description":"Wegweisende Produkte wie unsere Fassadenfarben, Korrosionsschutzsysteme und Industrielacke finden Anwendung in Architektur, Bau und Industrie.","robots":{"index":"noindex","follow":"follow","max-snippet":"max-snippet:-1","max-image-preview":"max-image-preview:large","max-video-preview":"max-video-preview:-1"},"og_locale":"de_DE","og_type":"article","og_title":"32'000 Farben im System\u00a0\u2013 Alle wegweisenden Produkte | Monopol Colors","og_description":"Wegweisende Produkte wie unsere Fassadenfarben, Korrosionsschutzsysteme und Industrielacke finden Anwendung in Architektur, Bau und Industrie.","og_url":"https:\/\/testing.monopol-colors.ch\/de\/produkte\/","og_site_name":"Monopol Colors","article_modified_time":"2019-05-10T10:00:08+00:00","twitter_card":"summary_large_image","twitter_misc":{"Gesch\u00e4tzte Lesezeit":"1\u00a0Minute"},"schema":{"@context":"https:\/\/schema.org","@graph":[{"@type":"WebPage","@id":"https:\/\/testing.monopol-colors.ch\/de\/produkte\/","url":"https:\/\/testing.monopol-colors.ch\/de\/produkte\/","name":"32'000 Farben im System\u00a0\u2013 Alle wegweisenden Produkte | Monopol Colors","isPartOf":{"@id":"https:\/\/testing.monopol-colors.ch\/de\/#website"},"datePublished":"2018-08-29T12:44:03+00:00","dateModified":"2019-05-10T10:00:08+00:00","description":"Wegweisende Produkte wie unsere Fassadenfarben, Korrosionsschutzsysteme und Industrielacke finden Anwendung in Architektur, Bau und Industrie.","breadcrumb":{"@id":"https:\/\/testing.monopol-colors.ch\/de\/produkte\/#breadcrumb"},"inLanguage":"de","potentialAction":[{"@type":"ReadAction","target":["https:\/\/testing.monopol-colors.ch\/de\/produkte\/"]}]},{"@type":"BreadcrumbList","@id":"https:\/\/testing.monopol-colors.ch\/de\/produkte\/#breadcrumb","itemListElement":[{"@type":"ListItem","position":1,"name":"Home","item":"https:\/\/testing.monopol-colors.ch\/de\/"},{"@type":"ListItem","position":2,"name":"Produkte"}]},{"@type":"WebSite","@id":"https:\/\/testing.monopol-colors.ch\/de\/#website","url":"https:\/\/testing.monopol-colors.ch\/de\/","name":"Monopol Colors","description":"","potentialAction":[{"@type":"SearchAction","target":{"@type":"EntryPoint","urlTemplate":"https:\/\/testing.monopol-colors.ch\/de\/?s={search_term_string}"},"query-input":{"@type":"PropertyValueSpecification","valueRequired":true,"valueName":"search_term_string"}}],"inLanguage":"de"}]}},"_links":{"self":[{"href":"https:\/\/testing.monopol-colors.ch\/de\/wp-json\/wp\/v2\/pages\/502","targetHints":{"allow":["GET"]}}],"collection":[{"href":"https:\/\/testing.monopol-colors.ch\/de\/wp-json\/wp\/v2\/pages"}],"about":[{"href":"https:\/\/testing.monopol-colors.ch\/de\/wp-json\/wp\/v2\/types\/page"}],"author":[{"embeddable":true,"href":"https:\/\/testing.monopol-colors.ch\/de\/wp-json\/wp\/v2\/users\/17"}],"replies":[{"embeddable":true,"href":"https:\/\/testing.monopol-colors.ch\/de\/wp-json\/wp\/v2\/comments?post=502"}],"version-history":[{"count":2,"href":"https:\/\/testing.monopol-colors.ch\/de\/wp-json\/wp\/v2\/pages\/502\/revisions"}],"predecessor-version":[{"id":9126,"href":"https:\/\/testing.monopol-colors.ch\/de\/wp-json\/wp\/v2\/pages\/502\/revisions\/9126"}],"wp:attachment":[{"href":"https:\/\/testing.monopol-colors.ch\/de\/wp-json\/wp\/v2\/media?parent=502"}],"curies":[{"name":"wp","href":"https:\/\/api.w.org\/{rel}","templated":true}]}}