{"id":10,"date":"2018-07-30T09:28:57","date_gmt":"2018-07-30T09:28:57","guid":{"rendered":"https:\/\/testing.monopol-colors.ch\/?page_id=10"},"modified":"2023-09-08T10:25:26","modified_gmt":"2023-09-08T08:25:26","slug":"datenschutzerklaerung","status":"publish","type":"page","link":"https:\/\/testing.monopol-colors.ch\/de\/datenschutzerklaerung\/","title":{"rendered":"Datenschutzerkl\u00e4rung"},"content":{"rendered":"<div class=\"wpb-content-wrapper\"><p>[vc_row el_class=&#8220;white narrow&#8220;][vc_column][vc_column_text]<\/p>\n<h1>Datenschutzerkl\u00e4rung<\/h1>\n<p>[\/vc_column_text]<div class=\"wpb_pdf_column wpb_content_element small white\"><div class=\"wpb_wrapper\"><a href=\"https:\/\/testing.monopol-colors.ch\/wp-content\/uploads\/Datenschutzinformation-Bewerber-DE.pdf\" target=\"_blank\">Datenschutzinformation Bewerber<\/a><a href=\"https:\/\/testing.monopol-colors.ch\/wp-content\/uploads\/Datenschutzinformation-Kunden-DE.pdf\" target=\"_blank\">Datenschutzinformation Kunden<\/a><a href=\"https:\/\/testing.monopol-colors.ch\/wp-content\/uploads\/Datenschutzinformation-Lieferanten-DE.pdf\" target=\"_blank\">Datenschutzinformation Lieferanten<\/a><\/div><\/div>[vc_column_text]Die Website der <a href=\"https:\/\/testing.monopol-colors.ch\/de\/impressum\/\" rel=\"noopener noreferrer\">Monopol AG<\/a> (nachfolgend \u00abWebsite\u00bb) unterliegt schweizerischem Datenschutzrecht, insbesondere gem\u00e4ss dem <a href=\"https:\/\/www.admin.ch\/opc\/de\/classified-compilation\/19920153\/index.html\" target=\"_blank\" rel=\"noopener noreferrer\">Bundesgesetz \u00fcber den Datenschutz<\/a> (DSG) sowie allenfalls anwendbarem ausl\u00e4ndischem Datenschutzrecht wie beispielsweise der <a href=\"https:\/\/steigerlegal.ch\/2018\/01\/25\/dsgvo-uebersicht-schweiz\/\" target=\"_blank\" rel=\"noopener noreferrer\">Datenschutz-Grundverordnung<\/a> (DSGVO) der Europ\u00e4ischen Union (EU). Die EU <a href=\"https:\/\/ec.europa.eu\/info\/law\/law-topic\/data-protection\/data-transfers-outside-eu\/adequacy-protection-personal-data-non-eu-countries_de\" target=\"_blank\" rel=\"noopener noreferrer\">anerkennt<\/a>, dass das schweizerische Datenschutzrecht einen angemessenen Datenschutz gew\u00e4hrleistet.<\/p>\n<p>Wir k\u00f6nnen unsere Datenschutzerkl\u00e4rung jederzeit durch Ver\u00f6ffentlichung auf dieser Website anpassen.<\/p>\n<p>Der Zugriff auf diese Website erfolgt mittels Transportverschl\u00fcsselung (SSL\/TLS).<\/p>\n<p>Der Zugriff auf diese Website unterliegt \u2013 wie jede Internet-Nutzung \u2013 der allgemeinen, anlasslosen, unterschiedlosen und verdachtsunabh\u00e4ngigen Massen\u00fcberwachung durch Sicherheitsbeh\u00f6rden in der Schweiz, in der EU, in den USA und in anderen Staaten.<\/p>\n<h3>Zugriffsdaten\/ Server-Logfiles<\/h3>\n<p class=\"nomargin\">Der Webhoster erhebt Daten \u00fcber Zugriffe auf diese Website und speichert diese als \u00abServer-Logfiles\u00bb ab. Folgende Daten werden so protokolliert:<\/p>\n<ul>\n<li>Besuchte Website<\/li>\n<li>Uhrzeit zum Zeitpunkt des Zugriffes<\/li>\n<li>Menge der gesendeten Daten in Byte<\/li>\n<li>Quelle\/Verweis, von welchem Sie auf die Seite gelangten<\/li>\n<li>Verwendeter Browser<\/li>\n<li>Verwendetes Betriebssystem<\/li>\n<li>Verwendete IP-Adresse<\/li>\n<\/ul>\n<p>Die erhobenen Daten dienen lediglich statistischen Auswertungen und zur Verbesserung der Webserver. Der Webhoster beh\u00e4lt sich allerdings vor, die Server-Logfiles nachtr\u00e4glich zu \u00fcberpr\u00fcfen, sollten konkrete Anhaltspunkte auf eine rechtswidrige Nutzung hinweisen.<\/p>\n<h3>Umgang mit personenbezogenen Daten<\/h3>\n<p>Grunds\u00e4tzlich k\u00f6nnen Sie diese Website besuchen, ohne dabei Angaben \u00fcber Ihre Person zu machen. Wir speichern lediglich Daten ohne Bezug zu Ihrer Person wie insbesondere den Namen Ihres Internet-Providers, eventuell Seiten, die Sie vorher besucht haben, oder Felder, die Sie auf dieser Website anklicken. Um das Angebot weiter zu verbessern, werten wir diese Daten aus. Die Daten erlauben jedoch keinen R\u00fcckschluss auf Ihre Person.<\/p>\n<h3>Kontakt<\/h3>\n<p>Personenbezogene Daten werden durch uns erfasst, wenn Sie uns diese von sich aus mitteilen, beispielsweise wenn Sie mit uns in Kontakt treten. Die uns auf diese Weise \u00fcbermittelten personenbezogenen Daten werden wir selbstverst\u00e4ndlich ausschliesslich f\u00fcr den Zweck verwenden, zu dem Sie uns diese bei der Kontaktierung zur Verf\u00fcgung stellen.<\/p>\n<p>Eine Mitteilung dieser Angaben erfolgt ausdr\u00fccklich auf freiwilliger Basis und mit Ihrer Einwilligung. Soweit es sich hierbei um Angaben zu Kommunikationskan\u00e4len (beispielsweise E-Mail-Adresse, Telefonnummer) handelt, willigen Sie ausserdem ein, dass wir Sie ggf. auch \u00fcber diesen Kommunikationskanal kontaktieren, um Ihr Anliegen zu beantworten.<\/p>\n<p>Ihre Einwilligungserkl\u00e4rungen k\u00f6nnen Sie selbstverst\u00e4ndlich jederzeit f\u00fcr die Zukunft widerrufen. Bitte wenden Sie sich hierf\u00fcr an uns per <a href=\"mailto:info@monopol-colors.ch\">E-Mail<\/a>.<\/p>\n<h3>Einsatz von Google-Analytics mit Anonymisierungsfunktion<\/h3>\n<p>Diese Website benutzt \u00abGoogle Analytics\u00bb, einen Webanalysedienst der Firma Google Inc., 1600 Amphitheatre Parkway, Mountain View, CA 94043 USA, nachfolgend \u00abGoogle\u00bb. Google Analytics verwendet sogenannte Cookies. Das sind Textdateien, die auf Ihrem Computer gespeichert werden und die eine Analyse Ihrer Benutzung der Website erm\u00f6glichen. Die durch das Cookie erzeugten Informationen \u00fcber Ihre Benutzung der Website werden in der Regel an einen Server von Google in den USA \u00fcbertragen und dort gespeichert. Im Falle der Aktivierung der IP-Anonymisierung auf der Website wird Ihre IP-Adresse von Google jedoch innerhalb der Mitgliedstaaten der Europ\u00e4ischen Union (EU) oder in anderen Vertragsstaaten des Abkommens \u00fcber den Europ\u00e4ischen Wirtschaftsraum (EWR) zuvor gek\u00fcrzt. Nur in Ausnahmef\u00e4llen wird die volle IP-Adresse an einen Server von Google in den USA \u00fcbertragen und dort gek\u00fcrzt. In unserem Auftrag wird Google diese Informationen benutzen, um Ihre Nutzung der Website auszuwerten, um Reports \u00fcber die Websiteaktivit\u00e4ten zusammenzustellen und um weitere mit der Websitenutzung und der Internetnutzung verbundene Dienstleistungen gegen\u00fcber dem Websitebetreiber zu erbringen. Die im Rahmen von Google Analytics von Ihrem Browser \u00fcbermittelte IP-Adresse wird nicht mit anderen Daten von Google zusammengef\u00fchrt. Sie k\u00f6nnen die Speicherung der Cookies durch eine entsprechende Anpassung Ihrer Browser-Einstellungen verhindern. Wir weisen Sie jedoch darauf hin, dass Sie in diesem Fall gegebenenfalls nicht s\u00e4mtliche Funktionen dieser Website vollumf\u00e4nglich nutzen k\u00f6nnen. Sie k\u00f6nnen dar\u00fcber hinaus die Erfassung der durch das Cookie erzeugten und auf Ihre Nutzung dieser Website bezogenen Daten (inkl. Ihrer IP-Adresse) an Google sowie die Verarbeitung dieser Daten durch Google verhindern, indem Sie das unter dem folgenden Link (<a href=\"http:\/\/tools.google.com\/dlpage\/gaoptout?hl=de\" target=\"_blank\" rel=\"noopener noreferrer\">http:\/\/tools.google.com\/dlpage\/gaoptout?hl=de<\/a>) verf\u00fcgbare Browser-Plugin herunterladen und installieren.<\/p>\n<p>N\u00e4here Informationen zu Nutzungsbedingungen und Datenschutz finden Sie unter <a href=\"http:\/\/www.google.com\/analytics\/terms\/de.html\" target=\"_blank\" rel=\"noopener noreferrer\">http:\/\/www.google.com\/analytics\/terms\/de.html<\/a> und <a href=\"https:\/\/www.google.de\/intl\/de\/policies\/\" target=\"_blank\" rel=\"noopener noreferrer\">https:\/\/www.google.de\/intl\/de\/policies\/<\/a>. Wir weisen Sie darauf hin, dass auf dieser Website Google Analytics um den Code \u00abanonymizeIp\u00bb erweitert wurde, um eine anonymisierte Erfassung von IP-Adressen (sog. IP-Masking) zu gew\u00e4hrleisten.<\/p>\n<p>Alternativ zum Browser-Add-On oder innerhalb von Browsern auf mobilen Ger\u00e4ten, k\u00f6nnen Sie das Webtracking unter folgendem Link deaktivieren: <a href=\"https:\/\/testing.monopol-colors.ch\/webtracking-einstellungen\/\" rel=\"noopener noreferrer\">Webtracking-Einstellungen<\/a>.<\/p>\n<h3>Einsatz von Google-Maps<\/h3>\n<p>Auf dieser Website wird die Komponente \u00abGoogle Maps\u00bb von Google eingesetzt.<\/p>\n<p>Bei jedem einzelnen Aufruf der Komponente Google Maps wird von Google ein Cookie gesetzt, um bei der Anzeige der Seite, auf der die Komponente Google Maps integriert ist, Nutzereinstellungen und -daten zu verarbeiten. Dieses Cookie wird im Regelfall nicht durch das Schliessen des Browsers gel\u00f6scht, sondern l\u00e4uft nach einer bestimmten Zeit ab, soweit es nicht von Ihnen zuvor manuell gel\u00f6scht wird.<\/p>\n<p>Wenn Sie mit dieser Verarbeitung Ihrer Daten nicht einverstanden sind, so besteht die M\u00f6glichkeit, den Service von Google Maps zu deaktivieren und auf diesem Weg die \u00dcbertragung von Daten an Google zu verhindern. Dazu m\u00fcssen Sie die Javascript-Funktion in Ihrem Browser deaktivieren, dies kann aber zur Folge haben, dass nicht mehr alle Funktionen auf dieser Website einwandfrei funktionieren.<\/p>\n<p>Die Nutzung von Google Maps und der \u00fcber Google Maps erlangten Informationen erfolgt gem\u00e4ss den Google-Nutzungsbedingungen <a href=\"http:\/\/www.google.de\/intl\/de\/policies\/terms\/regional.html\" target=\"_blank\" rel=\"nofollow noopener noreferrer\">http:\/\/www.google.de\/intl\/de\/policies\/terms\/regional.html<\/a> sowie der zus\u00e4tzlichen Gesch\u00e4ftsbedingungen f\u00fcr Google Maps <a href=\"https:\/\/www.google.com\/intl\/de_de\/help\/terms_maps.html\" target=\"_blank\" rel=\"nofollow noopener noreferrer\">https:\/\/www.google.com\/intl\/de_de\/help\/terms_maps.html<\/a>.<\/p>\n<h3>Nutzung von Social-Media-Plugins<\/h3>\n<p>Auf dieser Website setzen wir teilweise Social Plugins von Sozialen Netzwerken wie LinkedIn, Xing, Facebook, Google+, Instagram und Twitter ein. Die Inhalte dieser Plugins werden direkt von den entsprechenden Sozialen Websites \u00fcbermittelt. Falls Sie gerade bei einem der Sozialen Dienste eingeloggt sind, kann dieser Ihren Besuch auf dieser Website registrieren.<\/p>\n<p>Unser Tipp: Loggen Sie sich immer bei den sozialen Netzwerken aus, wenn Sie nicht m\u00f6chten, dass Ihr Surfverhalten von Facebook und Co. aufgezeichnet wird.<\/p>\n<h3>Einsatz von YouTube-Komponenten mit erweitertem Datenschutzmodus<\/h3>\n<p>Auf dieser Webseite setzen wir Komponenten (Videos) des Unternehmens YouTube, LLC 901 Cherry Ave., 94066 San Bruno, CA, USA, einem Unternehmen von Google, ein.<\/p>\n<p>Hierbei nutzt diese Website die von YouTube zur Verf\u00fcgung gestellte Option \u00aberweiterter Datenschutzmodus\u00bb.<\/p>\n<p>Wenn Sie eine Seite aufrufen, die \u00fcber ein eingebettetes Video verf\u00fcgt, wird eine Verbindung zu den YouTube-Servern hergestellt und dabei der Inhalt durch Mitteilung an Ihren Browser auf der Internetseite dargestellt.<\/p>\n<p>Laut den Angaben von YouTube werden im \u00aberweiterten Datenschutzmodus\u00bb nur Daten an den YouTube-Server \u00fcbermittelt, insbesondere welche unserer Internetseiten Sie besucht haben, wenn Sie das Video anschauen. Sind Sie gleichzeitig bei YouTube eingeloggt, werden diese Informationen Ihrem Mitgliedskonto bei YouTube zugeordnet. Dies k\u00f6nnen Sie verhindern, indem Sie sich vor dem Besuch unserer Website von Ihrem Konto abmelden.<\/p>\n<p>Weitere Informationen zum Datenschutz von YouTube werden von Google unter dem folgenden Link bereitgestellt: <a href=\"https:\/\/www.google.de\/intl\/de\/policies\/privacy\/\" target=\"_blank\" rel=\"nofollow noopener noreferrer\">https:\/\/www.google.de\/intl\/de\/policies\/privacy\/<\/a><\/p>\n<h3>Einsatz von Vimeo-Komponenten<\/h3>\n<p>Auf dieser Website setzen wir Komponenten des Anbieters \u00abVimeo\u00bb ein. Vimeo ist ein Service der Vimeo LCC, 555 West 18th Street, New York, New York 10011, USA. Bei jedem einzelnen Abruf dieser Website, die mit einer solchen Komponente ausgestattet ist, veranlasst diese Komponente, dass der von Ihnen verwendete Browser eine entsprechende Darstellung der Komponente von Vimeo herunterl\u00e4dt. Wenn Sie diese Website aufrufen und w\u00e4hrenddessen bei Vimeo eingeloggt sind, erkennt Vimeo durch die von der Komponente gesammelten Informationen, welche konkrete Seite Sie besuchen und ordnet diese Informationen Ihrem pers\u00f6nlichen Account bei Vimeo zu. Klicken Sie z.B. den \u00abPlay\u00bb-Button an oder geben Sie entsprechende Kommentare ab, werden diese Informationen an Ihr pers\u00f6nliches Benutzerkonto bei Vimeo \u00fcbermittelt und dort gespeichert. Dar\u00fcber hinaus wird die Information, dass Sie unsere Seite besucht haben, an Vimeo weitergegeben. Dies geschieht unabh\u00e4ngig davon, ob Sie z.B. die Komponente anklicken\/Kommentare abgeben oder nicht.<\/p>\n<p>Wenn Sie diese \u00dcbermittlung und Speicherung von Daten \u00fcber Sie und Ihr Verhalten auf dieser Webseite durch Vimeo unterbinden wollen, m\u00fcssen Sie sich bei Vimeo ausloggen und zwar bevor Sie unsere Website besuchen. Die Datenschutzhinweise von Vimeo geben hierzu n\u00e4here Informationen, insbesondere zur Erhebung und Nutzung der Daten durch Vimeo: <a href=\"https:\/\/vimeo.com\/privacy\" target=\"_blank\" rel=\"nofollow noopener noreferrer\">https:\/\/vimeo.com\/privacy<\/a><\/p>\n<h3>Newsletter-Abonnement<\/h3>\n<p>Wenn Sie sich zu unserem E-Mail Newsletter anmelden, senden wir Ihnen regelm\u00e4ssig Informationen zu unseren Angeboten. Pflichtangabe f\u00fcr die \u00dcbersendung des Newsletters ist allein Ihre E-Mailadresse. Die Angabe weiterer evtl. Daten ist freiwillig und wird verwendet, um Sie pers\u00f6nlich ansprechen zu k\u00f6nnen. F\u00fcr den Versand des Newsletters verwenden wir das sog. Double Opt-in Verfahren. Dies bedeutet, dass wir Ihnen erst dann einen E-Mail Newsletter \u00fcbermitteln werden, wenn Sie uns ausdr\u00fccklich best\u00e4tigt haben, dass Sie in den Versand von Newsletter einwilligen. Wir schicken Ihnen dann eine Best\u00e4tigungs-E-Mail, mit der Sie gebeten werden durch Anklicken eines entsprechenden Links zu best\u00e4tigen, dass Sie k\u00fcnftig Newsletter erhalten wollen.<\/p>\n<p>Mit der Aktivierung des Best\u00e4tigungslinks erteilen Sie uns Ihre Einwilligung f\u00fcr die Nutzung Ihrer personenbezogenen Daten gem\u00e4ss Art. 6 Abs. 1 lit. a DSGVO. Bei der Anmeldung zum Newsletter speichern wir Ihre vom Internet Service-Provider (ISP) eingetragene IP-Adresse sowie das Datum und die Uhrzeit der Anmeldung, um einen m\u00f6glichen Missbrauch Ihrer E-Mail- Adresse zu einem sp\u00e4teren Zeitpunkt nachvollziehen zu k\u00f6nnen. Die von uns bei der Anmeldung zum Newsletter erhobenen Daten werden ausschliesslich f\u00fcr Zwecke der werblichen Ansprache im Wege des Newsletters benutzt. Sie k\u00f6nnen den Newsletter jederzeit \u00fcber den daf\u00fcr vorgesehenen Link im Newsletter oder durch entsprechende Nachricht an den eingangs genannten Verantwortlichen abbestellen. Nach erfolgter Abmeldung wird Ihre E-Mailadresse unverz\u00fcglich in unserem Newsletter-Verteiler gel\u00f6scht, soweit Sie nicht ausdr\u00fccklich in eine weitere Nutzung Ihrer Daten eingewilligt haben oder wir uns eine dar\u00fcberhinausgehende Datenverwendung vorbehalten, die gesetzlich erlaubt ist und \u00fcber die wir Sie in dieser Erkl\u00e4rung informieren.<\/p>\n<h3>Cookies<\/h3>\n<p>Cookies sind kleine Textdateien, die beim Besuch dieser Website in Ihrem Computer dauerhaft oder tempor\u00e4r gespeichert werden. Zweck der Cookies ist insbesondere die Analyse der Nutzung dieser Website zur statistischen Auswertung sowie f\u00fcr kontinuierliche Verbesserungen.<\/p>\n<p>Falls Sie auf Ihrem Ger\u00e4t gespeicherte Cookies einschr\u00e4nken oder sperren wollen, k\u00f6nnen Sie dies \u00fcber die Einstellungen Ihres Browsers tun. Informationen hierzu finden Sie in der Hilfe-Funktion Ihres Browsers. Umfassende Informationen dar\u00fcber, wie Sie Cookies bei vielen Browsern sperren k\u00f6nnen, finden Sie auch auf <a class=\"ext extlink\" href=\"https:\/\/www.computerhope.com\/issues\/ch000509.htm\" target=\"_blank\" rel=\"noopener noreferrer\">computerhope.com<\/a>. <strong>Bei deaktivierten Cookies stehen Ihnen allenfalls nicht mehr alle Funktionen dieser Website zur Verf\u00fcgung.<\/strong><\/p>\n<h3>Rechte des Nutzers: Auskunft, Berichtigung und L\u00f6schung<\/h3>\n<p>Sie als Nutzer erhalten auf Antrag Ihrerseits kostenlose Auskunft dar\u00fcber, welche personenbezogenen Daten \u00fcber Sie gespeichert wurden. Sofern Ihr Wunsch nicht mit einer gesetzlichen Pflicht zur Aufbewahrung von Daten (z. B. Vorratsdatenspeicherung) kollidiert, haben Sie ein Anrecht auf Berichtigung falscher Daten und auf die Sperrung oder L\u00f6schung Ihrer personenbezogenen Daten.[\/vc_column_text][\/vc_column][\/vc_row]<\/p>\n<\/div>","protected":false},"excerpt":{"rendered":"<p>[vc_row el_class=&#8220;white narrow&#8220;][vc_column][vc_column_text] Datenschutzerkl\u00e4rung [\/vc_column_text][vc_column_text]Die Website der Monopol AG (nachfolgend \u00abWebsite\u00bb) unterliegt schweizerischem Datenschutzrecht, insbesondere gem\u00e4ss dem Bundesgesetz \u00fcber den Datenschutz (DSG) sowie allenfalls anwendbarem ausl\u00e4ndischem Datenschutzrecht wie beispielsweise der Datenschutz-Grundverordnung (DSGVO) der Europ\u00e4ischen Union (EU). Die EU anerkennt, dass das schweizerische Datenschutzrecht einen angemessenen Datenschutz gew\u00e4hrleistet. Wir k\u00f6nnen unsere Datenschutzerkl\u00e4rung jederzeit durch Ver\u00f6ffentlichung auf [&hellip;]<\/p>\n","protected":false},"author":17,"featured_media":0,"parent":0,"menu_order":89,"comment_status":"closed","ping_status":"closed","template":"page-impressum-datenschutz.php","meta":{"_acf_changed":false,"footnotes":""},"class_list":["post-10","page","type-page","status-publish","hentry"],"acf":[],"yoast_head":"<!-- This site is optimized with the Yoast SEO plugin v25.6 - https:\/\/yoast.com\/wordpress\/plugins\/seo\/ -->\n<title>Datenschutzerkl\u00e4rung | Monopol Colors<\/title>\n<meta name=\"description\" content=\"Die Website der Monopol AG (nachfolgend \u00abWebsite\u00bb) unterliegt schweizerischem Datenschutzrecht.\" \/>\n<meta name=\"robots\" content=\"noindex, nofollow\" \/>\n<meta property=\"og:locale\" content=\"de_DE\" \/>\n<meta property=\"og:type\" content=\"article\" \/>\n<meta property=\"og:title\" content=\"Datenschutzerkl\u00e4rung | Monopol Colors\" \/>\n<meta property=\"og:description\" content=\"Die Website der Monopol AG (nachfolgend \u00abWebsite\u00bb) unterliegt schweizerischem Datenschutzrecht.\" \/>\n<meta property=\"og:url\" content=\"https:\/\/testing.monopol-colors.ch\/de\/datenschutzerklaerung\/\" \/>\n<meta property=\"og:site_name\" content=\"Monopol Colors\" \/>\n<meta property=\"article:modified_time\" content=\"2023-09-08T08:25:26+00:00\" \/>\n<meta name=\"twitter:card\" content=\"summary_large_image\" \/>\n<meta name=\"twitter:label1\" content=\"Gesch\u00e4tzte Lesezeit\" \/>\n\t<meta name=\"twitter:data1\" content=\"10\u00a0Minuten\" \/>\n<script type=\"application\/ld+json\" class=\"yoast-schema-graph\">{\"@context\":\"https:\/\/schema.org\",\"@graph\":[{\"@type\":\"WebPage\",\"@id\":\"https:\/\/testing.monopol-colors.ch\/de\/datenschutzerklaerung\/\",\"url\":\"https:\/\/testing.monopol-colors.ch\/de\/datenschutzerklaerung\/\",\"name\":\"Datenschutzerkl\u00e4rung | Monopol Colors\",\"isPartOf\":{\"@id\":\"https:\/\/testing.monopol-colors.ch\/de\/#website\"},\"datePublished\":\"2018-07-30T09:28:57+00:00\",\"dateModified\":\"2023-09-08T08:25:26+00:00\",\"description\":\"Die Website der Monopol AG (nachfolgend \u00abWebsite\u00bb) unterliegt schweizerischem Datenschutzrecht.\",\"breadcrumb\":{\"@id\":\"https:\/\/testing.monopol-colors.ch\/de\/datenschutzerklaerung\/#breadcrumb\"},\"inLanguage\":\"de\",\"potentialAction\":[{\"@type\":\"ReadAction\",\"target\":[\"https:\/\/testing.monopol-colors.ch\/de\/datenschutzerklaerung\/\"]}]},{\"@type\":\"BreadcrumbList\",\"@id\":\"https:\/\/testing.monopol-colors.ch\/de\/datenschutzerklaerung\/#breadcrumb\",\"itemListElement\":[{\"@type\":\"ListItem\",\"position\":1,\"name\":\"Home\",\"item\":\"https:\/\/testing.monopol-colors.ch\/de\/\"},{\"@type\":\"ListItem\",\"position\":2,\"name\":\"Datenschutzerkl\u00e4rung\"}]},{\"@type\":\"WebSite\",\"@id\":\"https:\/\/testing.monopol-colors.ch\/de\/#website\",\"url\":\"https:\/\/testing.monopol-colors.ch\/de\/\",\"name\":\"Monopol Colors\",\"description\":\"\",\"potentialAction\":[{\"@type\":\"SearchAction\",\"target\":{\"@type\":\"EntryPoint\",\"urlTemplate\":\"https:\/\/testing.monopol-colors.ch\/de\/?s={search_term_string}\"},\"query-input\":{\"@type\":\"PropertyValueSpecification\",\"valueRequired\":true,\"valueName\":\"search_term_string\"}}],\"inLanguage\":\"de\"}]}<\/script>\n<!-- \/ Yoast SEO plugin. -->","yoast_head_json":{"title":"Datenschutzerkl\u00e4rung | Monopol Colors","description":"Die Website der Monopol AG (nachfolgend \u00abWebsite\u00bb) unterliegt schweizerischem Datenschutzrecht.","robots":{"index":"noindex","follow":"nofollow"},"og_locale":"de_DE","og_type":"article","og_title":"Datenschutzerkl\u00e4rung | Monopol Colors","og_description":"Die Website der Monopol AG (nachfolgend \u00abWebsite\u00bb) unterliegt schweizerischem Datenschutzrecht.","og_url":"https:\/\/testing.monopol-colors.ch\/de\/datenschutzerklaerung\/","og_site_name":"Monopol Colors","article_modified_time":"2023-09-08T08:25:26+00:00","twitter_card":"summary_large_image","twitter_misc":{"Gesch\u00e4tzte Lesezeit":"10\u00a0Minuten"},"schema":{"@context":"https:\/\/schema.org","@graph":[{"@type":"WebPage","@id":"https:\/\/testing.monopol-colors.ch\/de\/datenschutzerklaerung\/","url":"https:\/\/testing.monopol-colors.ch\/de\/datenschutzerklaerung\/","name":"Datenschutzerkl\u00e4rung | Monopol Colors","isPartOf":{"@id":"https:\/\/testing.monopol-colors.ch\/de\/#website"},"datePublished":"2018-07-30T09:28:57+00:00","dateModified":"2023-09-08T08:25:26+00:00","description":"Die Website der Monopol AG (nachfolgend \u00abWebsite\u00bb) unterliegt schweizerischem Datenschutzrecht.","breadcrumb":{"@id":"https:\/\/testing.monopol-colors.ch\/de\/datenschutzerklaerung\/#breadcrumb"},"inLanguage":"de","potentialAction":[{"@type":"ReadAction","target":["https:\/\/testing.monopol-colors.ch\/de\/datenschutzerklaerung\/"]}]},{"@type":"BreadcrumbList","@id":"https:\/\/testing.monopol-colors.ch\/de\/datenschutzerklaerung\/#breadcrumb","itemListElement":[{"@type":"ListItem","position":1,"name":"Home","item":"https:\/\/testing.monopol-colors.ch\/de\/"},{"@type":"ListItem","position":2,"name":"Datenschutzerkl\u00e4rung"}]},{"@type":"WebSite","@id":"https:\/\/testing.monopol-colors.ch\/de\/#website","url":"https:\/\/testing.monopol-colors.ch\/de\/","name":"Monopol Colors","description":"","potentialAction":[{"@type":"SearchAction","target":{"@type":"EntryPoint","urlTemplate":"https:\/\/testing.monopol-colors.ch\/de\/?s={search_term_string}"},"query-input":{"@type":"PropertyValueSpecification","valueRequired":true,"valueName":"search_term_string"}}],"inLanguage":"de"}]}},"_links":{"self":[{"href":"https:\/\/testing.monopol-colors.ch\/de\/wp-json\/wp\/v2\/pages\/10","targetHints":{"allow":["GET"]}}],"collection":[{"href":"https:\/\/testing.monopol-colors.ch\/de\/wp-json\/wp\/v2\/pages"}],"about":[{"href":"https:\/\/testing.monopol-colors.ch\/de\/wp-json\/wp\/v2\/types\/page"}],"author":[{"embeddable":true,"href":"https:\/\/testing.monopol-colors.ch\/de\/wp-json\/wp\/v2\/users\/17"}],"replies":[{"embeddable":true,"href":"https:\/\/testing.monopol-colors.ch\/de\/wp-json\/wp\/v2\/comments?post=10"}],"version-history":[{"count":5,"href":"https:\/\/testing.monopol-colors.ch\/de\/wp-json\/wp\/v2\/pages\/10\/revisions"}],"predecessor-version":[{"id":13641,"href":"https:\/\/testing.monopol-colors.ch\/de\/wp-json\/wp\/v2\/pages\/10\/revisions\/13641"}],"wp:attachment":[{"href":"https:\/\/testing.monopol-colors.ch\/de\/wp-json\/wp\/v2\/media?parent=10"}],"curies":[{"name":"wp","href":"https:\/\/api.w.org\/{rel}","templated":true}]}}